{"id":3077,"date":"2025-09-24T15:09:46","date_gmt":"2025-09-24T12:09:46","guid":{"rendered":"https:\/\/painoklinikka.fi\/heikki-sarin"},"modified":"2026-01-09T10:59:55","modified_gmt":"2026-01-09T08:59:55","slug":"heikki-sarin","status":"publish","type":"page","link":"https:\/\/painoklinikka.fi\/sv\/heikki-sarin","title":{"rendered":"Heikki Sarin"},"content":{"rendered":"[vc_row type=&#8221;in_container&#8221; full_screen_row_position=&#8221;middle&#8221; column_margin=&#8221;50px&#8221; column_direction=&#8221;default&#8221; column_direction_tablet=&#8221;default&#8221; column_direction_phone=&#8221;default&#8221; scene_position=&#8221;center&#8221; top_padding=&#8221;5%&#8221; bottom_padding=&#8221;5%&#8221; text_color=&#8221;dark&#8221; text_align=&#8221;left&#8221; row_border_radius=&#8221;none&#8221; row_border_radius_applies=&#8221;bg&#8221; row_position_desktop=&#8221;default&#8221; row_position_tablet=&#8221;inherit&#8221; row_position_phone=&#8221;inherit&#8221; overflow=&#8221;visible&#8221; overlay_strength=&#8221;0.3&#8243; gradient_direction=&#8221;left_to_right&#8221; shape_divider_position=&#8221;bottom&#8221; bg_image_animation=&#8221;none&#8221; gradient_type=&#8221;default&#8221; shape_type=&#8221;&#8221;][vc_column column_padding=&#8221;no-extra-padding&#8221; column_padding_tablet=&#8221;inherit&#8221; column_padding_phone=&#8221;inherit&#8221; column_padding_position=&#8221;all&#8221; flex_gap_desktop=&#8221;10px&#8221; column_element_direction_desktop=&#8221;default&#8221; column_element_spacing=&#8221;default&#8221; desktop_text_alignment=&#8221;default&#8221; tablet_text_alignment=&#8221;default&#8221; phone_text_alignment=&#8221;default&#8221; background_color_opacity=&#8221;1&#8243; background_hover_color_opacity=&#8221;1&#8243; column_backdrop_filter=&#8221;none&#8221; column_shadow=&#8221;none&#8221; column_border_radius=&#8221;none&#8221; column_link_target=&#8221;_self&#8221; column_position=&#8221;default&#8221; gradient_direction=&#8221;left_to_right&#8221; overlay_strength=&#8221;0.3&#8243; width=&#8221;2\/3&#8243; tablet_width_inherit=&#8221;default&#8221; animation_type=&#8221;default&#8221; bg_image_animation=&#8221;none&#8221; border_type=&#8221;simple&#8221; column_border_width=&#8221;none&#8221; column_border_style=&#8221;solid&#8221;][nectar_responsive_text inherited_font_style=&#8221;default&#8221; text_direction=&#8221;default&#8221;]\n<h2>Heikki Sarin<\/h2>\n[\/nectar_responsive_text][vc_column_text css=&#8221;&#8221; text_direction=&#8221;default&#8221;]\n<p data-start=\"52\" data-end=\"517\"><strong>Heikki Sarin<\/strong> \u00e4r l\u00e4kare och doktorand som f\u00f6r n\u00e4rvarande specialiserar sig inom idrottsmedicin. Hans utbildningsbakgrund omfattar, f\u00f6rutom l\u00e4karutbildning, en magisterexamen i n\u00e4ringsl\u00e4ra samt specialkunskaper inom idrottsnutrition och behandling av \u00e4tst\u00f6rningar. Heikki har ocks\u00e5 genomg\u00e5tt specialistutbildning i allm\u00e4nmedicin, en kvalificerande kurs i f\u00f6retagsh\u00e4lsov\u00e5rd och har arbetat omfattande med fr\u00e5gor inom allm\u00e4n- och f\u00f6retagsh\u00e4lsov\u00e5rd inom dessa omr\u00e5den.  <\/p>\n<p data-start=\"519\" data-end=\"792\">Hans kliniska erfarenhet omfattar \u00e4ven arbete inom internmedicin, akutmedicin, psykiatri och klinisk fysiologi. Heikkis nuvarande arbete best\u00e5r av kliniskt arbete och forskning inom idrottsmedicin samt h\u00e4lso- och s\u00e4rskilt vikthanteringscoaching. <\/p>\n<p data-start=\"794\" data-end=\"1252\">Forskningen \u00e4r kopplad till <a href=\"https:\/\/www.helsinki.fi\/fi\/laaketieteellinen-tiedekunta\/tutkimus\/tieteenalat\/kliinisen-kemian-ja-hematologian-osasto#:~:text=Tutkimustoiminta.%20Kliinisen%20kemian%20ja%20hematologian%20tutkimuksen%20painopistealueita,syd%C3%A4men%20vajaatoiminnan%20mekanismit%20ja%20uusien%20biomerkkiaineiden%20laboratoriodiagnostiikka.\" target=\"_blank\" rel=\"noopener\">Helsingfors universitets forskningsenhet f\u00f6r klinisk metabolism<\/a> och Institutet f\u00f6r h\u00e4lsa och v\u00e4lf\u00e4rd, och Heikki samarbetar bland annat med Jyv\u00e4skyl\u00e4 universitets idrottsvetenskapliga fakultet. Forsknings\u00e4mnena \u00e4r fr\u00e4mst relaterade till fetma, motion, n\u00e4ring, viktkontroll och h\u00e4lsomark\u00f6rer, som anv\u00e4nds f\u00f6r att identifiera h\u00e4lsorisker, rikta behandling och f\u00f6rutse resultat mer exakt. <\/p>\n<p data-start=\"1254\" data-end=\"1651\">Den tv\u00e4rvetenskapliga kompetensen kombinerad med ett m\u00e5lmedvetet, noggrant, analytiskt och l\u00f6sningsorienterat arbetss\u00e4tt skapar en stark grund f\u00f6r effektiv behandling. Under mottagningen fastst\u00e4lls m\u00e5len tillsammans med patienten och planen anpassas individuellt f\u00f6r att passa vardagen. Helheten tar h\u00e4nsyn till motion, n\u00e4ring, belastning och \u00e5terh\u00e4mtning samt vid behov utv\u00e4rdering av medicinering.  <\/p>\n<p data-start=\"1653\" data-end=\"1973\">Arbetet \u00e4r patientcentrerat, flexibelt och ansvarsfullt, och interaktionen \u00e4r alltid \u00f6ppen. Om du s\u00f6ker en kunnig partner f\u00f6r vikthantering, f\u00f6rst\u00e4rkning av arbetsf\u00f6rm\u00e5gan eller f\u00f6r att uppn\u00e5 idrottsliga m\u00e5l, erbjuder Heikki en evidensbaserad och praktisk behandlingsv\u00e4g som leder mot best\u00e5ende resultat. <\/p>\n<p data-pm-slice=\"0 0 []\">Om du s\u00f6ker en kunnig partner f\u00f6r <strong><br \/>\n  <a href=\"https:\/\/painoklinikka.fi\/sv\/vara-tjanster\">vikthantering<\/a><br \/>\n<\/strong>, f\u00f6rst\u00e4rkning av arbetsf\u00f6rm\u00e5gan eller f\u00f6r att uppn\u00e5 idrottsliga m\u00e5l, erbjuder Heikki en evidensbaserad och praktisk behandlingsv\u00e4g som leder mot best\u00e5ende resultat.<\/p>\n[\/vc_column_text][nectar_btn size=&#8221;large&#8221; button_style=&#8221;regular&#8221; button_color_2=&#8221;Accent-Color&#8221; icon_family=&#8221;default_arrow&#8221; text=&#8221;Boka tid&#8221; margin_top=&#8221;15&#8243; url=&#8221;https:\/\/painoklinikka.fi\/sv\/tidsbokning&#8221;][\/vc_column][vc_column column_padding=&#8221;no-extra-padding&#8221; column_padding_tablet=&#8221;inherit&#8221; column_padding_phone=&#8221;inherit&#8221; column_padding_position=&#8221;all&#8221; flex_gap_desktop=&#8221;10px&#8221; column_element_direction_desktop=&#8221;default&#8221; column_element_spacing=&#8221;default&#8221; desktop_text_alignment=&#8221;default&#8221; tablet_text_alignment=&#8221;default&#8221; phone_text_alignment=&#8221;default&#8221; background_color_opacity=&#8221;1&#8243; background_hover_color_opacity=&#8221;1&#8243; column_backdrop_filter=&#8221;none&#8221; column_shadow=&#8221;none&#8221; column_border_radius=&#8221;none&#8221; column_link_target=&#8221;_self&#8221; column_position=&#8221;default&#8221; gradient_direction=&#8221;left_to_right&#8221; overlay_strength=&#8221;0.3&#8243; width=&#8221;1\/3&#8243; tablet_width_inherit=&#8221;default&#8221; animation_type=&#8221;default&#8221; bg_image_animation=&#8221;none&#8221; border_type=&#8221;simple&#8221; column_border_width=&#8221;none&#8221; column_border_style=&#8221;solid&#8221;][image_with_animation image_url=&#8221;3944&#8243; image_size=&#8221;full&#8221; max_width=&#8221;100%&#8221; max_width_mobile=&#8221;default&#8221; animation_type=&#8221;entrance&#8221; animation=&#8221;None&#8221; animation_movement_type=&#8221;transform_y&#8221; hover_animation=&#8221;none&#8221; alignment=&#8221;&#8221; border_radius=&#8221;15px&#8221; box_shadow=&#8221;none&#8221; image_loading=&#8221;default&#8221;][\/vc_column][\/vc_row]\n","protected":false},"excerpt":{"rendered":"<p>[vc_row type=&#8221;in_container&#8221; full_screen_row_position=&#8221;middle&#8221; column_margin=&#8221;50px&#8221; column_direction=&#8221;default&#8221; column_direction_tablet=&#8221;default&#8221; column_direction_phone=&#8221;default&#8221; scene_position=&#8221;center&#8221; top_padding=&#8221;5%&#8221; bottom_padding=&#8221;5%&#8221; text_color=&#8221;dark&#8221; text_align=&#8221;left&#8221; row_border_radius=&#8221;none&#8221; row_border_radius_applies=&#8221;bg&#8221; row_position_desktop=&#8221;default&#8221; row_position_tablet=&#8221;inherit&#8221; row_position_phone=&#8221;inherit&#8221; overflow=&#8221;visible&#8221; overlay_strength=&#8221;0.3&#8243; gradient_direction=&#8221;left_to_right&#8221; shape_divider_position=&#8221;bottom&#8221; bg_image_animation=&#8221;none&#8221; gradient_type=&#8221;default&#8221; shape_type=&#8221;&#8221;][vc_column column_padding=&#8221;no-extra-padding&#8221; column_padding_tablet=&#8221;inherit&#8221; column_padding_phone=&#8221;inherit&#8221; column_padding_position=&#8221;all&#8221; flex_gap_desktop=&#8221;10px&#8221; column_element_direction_desktop=&#8221;default&#8221;&#8230;<\/p>\n","protected":false},"author":6,"featured_media":0,"parent":0,"menu_order":0,"comment_status":"closed","ping_status":"closed","template":"","meta":{"footnotes":""},"class_list":["post-3077","page","type-page","status-publish"],"yoast_head":"<!-- This site is optimized with the Yoast SEO plugin v27.4 - https:\/\/yoast.com\/product\/yoast-seo-wordpress\/ -->\n<title>Heikki Sarin - painoklinikka.fi<\/title>\n<meta name=\"robots\" content=\"index, follow, max-snippet:-1, max-image-preview:large, max-video-preview:-1\" \/>\n<link rel=\"canonical\" href=\"https:\/\/painoklinikka.fi\/sv\/heikki-sarin\" \/>\n<meta property=\"og:locale\" content=\"sv_SE\" \/>\n<meta property=\"og:type\" content=\"article\" \/>\n<meta property=\"og:title\" content=\"Heikki Sarin - painoklinikka.fi\" \/>\n<meta property=\"og:description\" content=\"[vc_row type=&#8221;in_container&#8221; full_screen_row_position=&#8221;middle&#8221; column_margin=&#8221;50px&#8221; column_direction=&#8221;default&#8221; column_direction_tablet=&#8221;default&#8221; column_direction_phone=&#8221;default&#8221; scene_position=&#8221;center&#8221; top_padding=&#8221;5%&#8221; bottom_padding=&#8221;5%&#8221; text_color=&#8221;dark&#8221; text_align=&#8221;left&#8221; row_border_radius=&#8221;none&#8221; row_border_radius_applies=&#8221;bg&#8221; row_position_desktop=&#8221;default&#8221; row_position_tablet=&#8221;inherit&#8221; row_position_phone=&#8221;inherit&#8221; overflow=&#8221;visible&#8221; overlay_strength=&#8221;0.3&#8243; gradient_direction=&#8221;left_to_right&#8221; shape_divider_position=&#8221;bottom&#8221; bg_image_animation=&#8221;none&#8221; gradient_type=&#8221;default&#8221; shape_type=&#8221;&#8221;][vc_column column_padding=&#8221;no-extra-padding&#8221; column_padding_tablet=&#8221;inherit&#8221; column_padding_phone=&#8221;inherit&#8221; column_padding_position=&#8221;all&#8221; flex_gap_desktop=&#8221;10px&#8221; column_element_direction_desktop=&#8221;default&#8221;...\" \/>\n<meta property=\"og:url\" content=\"https:\/\/painoklinikka.fi\/sv\/heikki-sarin\" \/>\n<meta property=\"og:site_name\" content=\"painoklinikka.fi\" \/>\n<meta property=\"article:modified_time\" content=\"2026-01-09T08:59:55+00:00\" \/>\n<meta name=\"twitter:card\" content=\"summary_large_image\" \/>\n<meta name=\"twitter:label1\" content=\"Ber\u00e4knad l\u00e4stid\" \/>\n\t<meta name=\"twitter:data1\" content=\"3 minuter\" \/>\n<script type=\"application\/ld+json\" class=\"yoast-schema-graph\">{\"@context\":\"https:\\\/\\\/schema.org\",\"@graph\":[{\"@type\":\"WebPage\",\"@id\":\"https:\\\/\\\/painoklinikka.fi\\\/sv\\\/heikki-sarin\",\"url\":\"https:\\\/\\\/painoklinikka.fi\\\/sv\\\/heikki-sarin\",\"name\":\"Heikki Sarin - painoklinikka.fi\",\"isPartOf\":{\"@id\":\"https:\\\/\\\/painoklinikka.fi\\\/sv#website\"},\"datePublished\":\"2025-09-24T12:09:46+00:00\",\"dateModified\":\"2026-01-09T08:59:55+00:00\",\"breadcrumb\":{\"@id\":\"https:\\\/\\\/painoklinikka.fi\\\/sv\\\/heikki-sarin#breadcrumb\"},\"inLanguage\":\"sv-SE\",\"potentialAction\":[{\"@type\":\"ReadAction\",\"target\":[\"https:\\\/\\\/painoklinikka.fi\\\/sv\\\/heikki-sarin\"]}]},{\"@type\":\"BreadcrumbList\",\"@id\":\"https:\\\/\\\/painoklinikka.fi\\\/sv\\\/heikki-sarin#breadcrumb\",\"itemListElement\":[{\"@type\":\"ListItem\",\"position\":1,\"name\":\"Etusivu\",\"item\":\"https:\\\/\\\/painoklinikka.fi\\\/sv\"},{\"@type\":\"ListItem\",\"position\":2,\"name\":\"Heikki Sarin\"}]},{\"@type\":\"WebSite\",\"@id\":\"https:\\\/\\\/painoklinikka.fi\\\/sv#website\",\"url\":\"https:\\\/\\\/painoklinikka.fi\\\/sv\",\"name\":\"painoklinikka.fi\",\"description\":\"Painonhallintaan keskittynyt l&auml;&auml;k&auml;rikeskus, joka tarjoaa terveydenhuollon ammattilaisten et&auml;vastaanottoja.\",\"potentialAction\":[{\"@type\":\"SearchAction\",\"target\":{\"@type\":\"EntryPoint\",\"urlTemplate\":\"https:\\\/\\\/painoklinikka.fi\\\/sv?s={search_term_string}\"},\"query-input\":{\"@type\":\"PropertyValueSpecification\",\"valueRequired\":true,\"valueName\":\"search_term_string\"}}],\"inLanguage\":\"sv-SE\"}]}<\/script>\n<!-- \/ Yoast SEO plugin. -->","yoast_head_json":{"title":"Heikki Sarin - painoklinikka.fi","robots":{"index":"index","follow":"follow","max-snippet":"max-snippet:-1","max-image-preview":"max-image-preview:large","max-video-preview":"max-video-preview:-1"},"canonical":"https:\/\/painoklinikka.fi\/sv\/heikki-sarin","og_locale":"sv_SE","og_type":"article","og_title":"Heikki Sarin - painoklinikka.fi","og_description":"[vc_row type=&#8221;in_container&#8221; full_screen_row_position=&#8221;middle&#8221; column_margin=&#8221;50px&#8221; column_direction=&#8221;default&#8221; column_direction_tablet=&#8221;default&#8221; column_direction_phone=&#8221;default&#8221; scene_position=&#8221;center&#8221; top_padding=&#8221;5%&#8221; bottom_padding=&#8221;5%&#8221; text_color=&#8221;dark&#8221; text_align=&#8221;left&#8221; row_border_radius=&#8221;none&#8221; row_border_radius_applies=&#8221;bg&#8221; row_position_desktop=&#8221;default&#8221; row_position_tablet=&#8221;inherit&#8221; row_position_phone=&#8221;inherit&#8221; overflow=&#8221;visible&#8221; overlay_strength=&#8221;0.3&#8243; gradient_direction=&#8221;left_to_right&#8221; shape_divider_position=&#8221;bottom&#8221; bg_image_animation=&#8221;none&#8221; gradient_type=&#8221;default&#8221; shape_type=&#8221;&#8221;][vc_column column_padding=&#8221;no-extra-padding&#8221; column_padding_tablet=&#8221;inherit&#8221; column_padding_phone=&#8221;inherit&#8221; column_padding_position=&#8221;all&#8221; flex_gap_desktop=&#8221;10px&#8221; column_element_direction_desktop=&#8221;default&#8221;...","og_url":"https:\/\/painoklinikka.fi\/sv\/heikki-sarin","og_site_name":"painoklinikka.fi","article_modified_time":"2026-01-09T08:59:55+00:00","twitter_card":"summary_large_image","twitter_misc":{"Ber\u00e4knad l\u00e4stid":"3 minuter"},"schema":{"@context":"https:\/\/schema.org","@graph":[{"@type":"WebPage","@id":"https:\/\/painoklinikka.fi\/sv\/heikki-sarin","url":"https:\/\/painoklinikka.fi\/sv\/heikki-sarin","name":"Heikki Sarin - painoklinikka.fi","isPartOf":{"@id":"https:\/\/painoklinikka.fi\/sv#website"},"datePublished":"2025-09-24T12:09:46+00:00","dateModified":"2026-01-09T08:59:55+00:00","breadcrumb":{"@id":"https:\/\/painoklinikka.fi\/sv\/heikki-sarin#breadcrumb"},"inLanguage":"sv-SE","potentialAction":[{"@type":"ReadAction","target":["https:\/\/painoklinikka.fi\/sv\/heikki-sarin"]}]},{"@type":"BreadcrumbList","@id":"https:\/\/painoklinikka.fi\/sv\/heikki-sarin#breadcrumb","itemListElement":[{"@type":"ListItem","position":1,"name":"Etusivu","item":"https:\/\/painoklinikka.fi\/sv"},{"@type":"ListItem","position":2,"name":"Heikki Sarin"}]},{"@type":"WebSite","@id":"https:\/\/painoklinikka.fi\/sv#website","url":"https:\/\/painoklinikka.fi\/sv","name":"painoklinikka.fi","description":"Painonhallintaan keskittynyt l&auml;&auml;k&auml;rikeskus, joka tarjoaa terveydenhuollon ammattilaisten et&auml;vastaanottoja.","potentialAction":[{"@type":"SearchAction","target":{"@type":"EntryPoint","urlTemplate":"https:\/\/painoklinikka.fi\/sv?s={search_term_string}"},"query-input":{"@type":"PropertyValueSpecification","valueRequired":true,"valueName":"search_term_string"}}],"inLanguage":"sv-SE"}]}},"_links":{"self":[{"href":"https:\/\/painoklinikka.fi\/sv\/wp-json\/wp\/v2\/pages\/3077","targetHints":{"allow":["GET"]}}],"collection":[{"href":"https:\/\/painoklinikka.fi\/sv\/wp-json\/wp\/v2\/pages"}],"about":[{"href":"https:\/\/painoklinikka.fi\/sv\/wp-json\/wp\/v2\/types\/page"}],"author":[{"embeddable":true,"href":"https:\/\/painoklinikka.fi\/sv\/wp-json\/wp\/v2\/users\/6"}],"replies":[{"embeddable":true,"href":"https:\/\/painoklinikka.fi\/sv\/wp-json\/wp\/v2\/comments?post=3077"}],"version-history":[{"count":4,"href":"https:\/\/painoklinikka.fi\/sv\/wp-json\/wp\/v2\/pages\/3077\/revisions"}],"predecessor-version":[{"id":3951,"href":"https:\/\/painoklinikka.fi\/sv\/wp-json\/wp\/v2\/pages\/3077\/revisions\/3951"}],"wp:attachment":[{"href":"https:\/\/painoklinikka.fi\/sv\/wp-json\/wp\/v2\/media?parent=3077"}],"curies":[{"name":"wp","href":"https:\/\/api.w.org\/{rel}","templated":true}]}}