{"id":3301,"date":"2024-06-04T15:36:33","date_gmt":"2024-06-04T12:36:33","guid":{"rendered":"https:\/\/painoklinikka.fi\/timo-hanninen"},"modified":"2025-11-14T15:31:28","modified_gmt":"2025-11-14T13:31:28","slug":"timo-hanninen","status":"publish","type":"page","link":"https:\/\/painoklinikka.fi\/sv\/timo-hanninen","title":{"rendered":"Timo H\u00e4nninen"},"content":{"rendered":"[vc_row type=&#8221;in_container&#8221; full_screen_row_position=&#8221;middle&#8221; column_margin=&#8221;50px&#8221; column_direction=&#8221;default&#8221; column_direction_tablet=&#8221;default&#8221; column_direction_phone=&#8221;default&#8221; scene_position=&#8221;center&#8221; top_padding=&#8221;5%&#8221; bottom_padding=&#8221;5%&#8221; text_color=&#8221;dark&#8221; text_align=&#8221;left&#8221; row_border_radius=&#8221;none&#8221; row_border_radius_applies=&#8221;bg&#8221; overflow=&#8221;visible&#8221; overlay_strength=&#8221;0.3&#8243; gradient_direction=&#8221;left_to_right&#8221; shape_divider_position=&#8221;bottom&#8221; bg_image_animation=&#8221;none&#8221; gradient_type=&#8221;default&#8221; shape_type=&#8221;&#8221;][vc_column column_padding=&#8221;no-extra-padding&#8221; column_padding_tablet=&#8221;inherit&#8221; column_padding_phone=&#8221;inherit&#8221; column_padding_position=&#8221;all&#8221; column_element_direction_desktop=&#8221;default&#8221; column_element_spacing=&#8221;default&#8221; desktop_text_alignment=&#8221;default&#8221; tablet_text_alignment=&#8221;default&#8221; phone_text_alignment=&#8221;default&#8221; background_color_opacity=&#8221;1&#8243; background_hover_color_opacity=&#8221;1&#8243; column_backdrop_filter=&#8221;none&#8221; column_shadow=&#8221;none&#8221; column_border_radius=&#8221;none&#8221; column_link_target=&#8221;_self&#8221; column_position=&#8221;default&#8221; gradient_direction=&#8221;left_to_right&#8221; overlay_strength=&#8221;0.3&#8243; width=&#8221;2\/3&#8243; tablet_width_inherit=&#8221;default&#8221; animation_type=&#8221;default&#8221; bg_image_animation=&#8221;none&#8221; border_type=&#8221;simple&#8221; column_border_width=&#8221;none&#8221; column_border_style=&#8221;solid&#8221;][nectar_responsive_text inherited_font_style=&#8221;default&#8221; text_direction=&#8221;default&#8221;]\n<h2>Timo H\u00e4nninen<\/h2>\n[\/nectar_responsive_text][vc_column_text css=&#8221;&#8221; text_direction=&#8221;default&#8221;]<b>Timo H\u00e4nninen<\/b> \u00e4r specialist i idrottsmedicin och medicine doktor med \u00f6ver 15 \u00e5rs erfarenhet av livsstilsr\u00e5dgivning och att kombinera motion med viktkontroll.<\/p>\n<p>F\u00f6r att framg\u00e5ngsrikt kombinera motion med viktminskning kr\u00e4vs en systematisk hantering av kroppens energiunderskott. Att anpassa motionen till m\u00e5ltidsrytmen b\u00f6r planeras med h\u00e4nsyn till tr\u00e4ningsformer, intensitet och m\u00e4ngd f\u00f6r att uppn\u00e5 h\u00e4lsof\u00f6rdelar ist\u00e4llet f\u00f6r tr\u00f6tthet och besv\u00e4r. <\/p>\n<p>Timos specialkompetens omfattar besv\u00e4r och sjukdomar som begr\u00e4nsar fysisk aktivitet, s\u00e5som astma, artros, \u00f6veranstr\u00e4ngning och belastningsskador. Att s\u00e4kerst\u00e4lla l\u00e4mpliga behandlingar och medicineringar f\u00f6r dessa, samt att minimera riskerna f\u00f6r \u00f6verbelastning i samband med f\u00f6r\u00e4ndringar i belastning, \u00e4r grunden f\u00f6r att motion s\u00e4kert kan anv\u00e4ndas i viktkontroll. <\/p>\n<p>Under mottagningen hj\u00e4lper Timo dig att identifiera dina nuvarande vanor, ni hittar de l\u00e4mpligaste omr\u00e5dena f\u00f6r f\u00f6r\u00e4ndring och beslutar om den mest genomf\u00f6rbara v\u00e4gen mot ditt m\u00e5l.<\/p>\n<p>Oavsett om du b\u00f6rjar motionera f\u00f6r ditt v\u00e4lbefinnande, \u00e4r os\u00e4ker p\u00e5 det optimala s\u00e4ttet att \u00f6ka din fysiska aktivitet p\u00e5 grund av h\u00e4lsoproblem, eller m\u00f6ter utmaningar med viktkontroll efter en idrottskarri\u00e4r, f\u00e5r du i Timo en kompetent expert till din hj\u00e4lp.[\/vc_column_text][nectar_btn size=&#8221;large&#8221; button_style=&#8221;regular&#8221; button_color_2=&#8221;Accent-Color&#8221; icon_family=&#8221;default_arrow&#8221; text=&#8221;Boka tid&#8221; margin_top=&#8221;15&#8243; url=&#8221;https:\/\/painoklinikka.fi\/sv\/tidsbokning&#8221;][\/vc_column][vc_column column_padding=&#8221;no-extra-padding&#8221; column_padding_tablet=&#8221;inherit&#8221; column_padding_phone=&#8221;inherit&#8221; column_padding_position=&#8221;all&#8221; column_element_direction_desktop=&#8221;default&#8221; column_element_spacing=&#8221;default&#8221; desktop_text_alignment=&#8221;default&#8221; tablet_text_alignment=&#8221;default&#8221; phone_text_alignment=&#8221;default&#8221; background_color_opacity=&#8221;1&#8243; background_hover_color_opacity=&#8221;1&#8243; column_backdrop_filter=&#8221;none&#8221; column_shadow=&#8221;none&#8221; column_border_radius=&#8221;none&#8221; column_link_target=&#8221;_self&#8221; column_position=&#8221;default&#8221; gradient_direction=&#8221;left_to_right&#8221; overlay_strength=&#8221;0.3&#8243; width=&#8221;1\/3&#8243; tablet_width_inherit=&#8221;default&#8221; animation_type=&#8221;default&#8221; bg_image_animation=&#8221;none&#8221; border_type=&#8221;simple&#8221; column_border_width=&#8221;none&#8221; column_border_style=&#8221;solid&#8221;][image_with_animation image_url=&#8221;1084&#8243; image_size=&#8221;full&#8221; max_width=&#8221;100%&#8221; max_width_mobile=&#8221;default&#8221; animation_type=&#8221;entrance&#8221; animation=&#8221;None&#8221; animation_movement_type=&#8221;transform_y&#8221; hover_animation=&#8221;none&#8221; alignment=&#8221;&#8221; border_radius=&#8221;15px&#8221; box_shadow=&#8221;none&#8221; image_loading=&#8221;default&#8221;][\/vc_column][\/vc_row]\n","protected":false},"excerpt":{"rendered":"<p>[vc_row type=&#8221;in_container&#8221; full_screen_row_position=&#8221;middle&#8221; column_margin=&#8221;50px&#8221; column_direction=&#8221;default&#8221; column_direction_tablet=&#8221;default&#8221; column_direction_phone=&#8221;default&#8221; scene_position=&#8221;center&#8221; top_padding=&#8221;5%&#8221; bottom_padding=&#8221;5%&#8221; text_color=&#8221;dark&#8221; text_align=&#8221;left&#8221; row_border_radius=&#8221;none&#8221; row_border_radius_applies=&#8221;bg&#8221; overflow=&#8221;visible&#8221; overlay_strength=&#8221;0.3&#8243; gradient_direction=&#8221;left_to_right&#8221; shape_divider_position=&#8221;bottom&#8221; bg_image_animation=&#8221;none&#8221; gradient_type=&#8221;default&#8221; shape_type=&#8221;&#8221;][vc_column column_padding=&#8221;no-extra-padding&#8221; column_padding_tablet=&#8221;inherit&#8221; column_padding_phone=&#8221;inherit&#8221; column_padding_position=&#8221;all&#8221; column_element_direction_desktop=&#8221;default&#8221; column_element_spacing=&#8221;default&#8221; desktop_text_alignment=&#8221;default&#8221; tablet_text_alignment=&#8221;default&#8221; phone_text_alignment=&#8221;default&#8221;&#8230;<\/p>\n","protected":false},"author":4,"featured_media":3302,"parent":0,"menu_order":0,"comment_status":"closed","ping_status":"closed","template":"","meta":{"footnotes":""},"class_list":["post-3301","page","type-page","status-publish","has-post-thumbnail"],"yoast_head":"<!-- This site is optimized with the Yoast SEO plugin v27.4 - https:\/\/yoast.com\/product\/yoast-seo-wordpress\/ -->\n<title>Timo H\u00e4nninen - painoklinikka.fi<\/title>\n<meta name=\"description\" content=\"Timo H\u00e4nninen \u00e4r specialist i idrottsmedicin och medicine doktor med 15 \u00e5rs erfarenhet av livsstilsr\u00e5dgivning. Boka tid!\" \/>\n<meta name=\"robots\" content=\"index, follow, max-snippet:-1, max-image-preview:large, max-video-preview:-1\" \/>\n<link rel=\"canonical\" href=\"https:\/\/painoklinikka.fi\/sv\/timo-hanninen\" \/>\n<meta property=\"og:locale\" content=\"sv_SE\" \/>\n<meta property=\"og:type\" content=\"article\" \/>\n<meta property=\"og:title\" content=\"Timo H\u00e4nninen - painoklinikka.fi\" \/>\n<meta property=\"og:description\" content=\"Timo H\u00e4nninen \u00e4r specialist i idrottsmedicin och medicine doktor med 15 \u00e5rs erfarenhet av livsstilsr\u00e5dgivning. Boka tid!\" \/>\n<meta property=\"og:url\" content=\"https:\/\/painoklinikka.fi\/sv\/timo-hanninen\" \/>\n<meta property=\"og:site_name\" content=\"painoklinikka.fi\" \/>\n<meta property=\"article:modified_time\" content=\"2025-11-14T13:31:28+00:00\" \/>\n<meta property=\"og:image\" content=\"https:\/\/painoklinikka.fi\/wp-content\/uploads\/2023\/08\/TimoH.jpg\" \/>\n\t<meta property=\"og:image:width\" content=\"800\" \/>\n\t<meta property=\"og:image:height\" content=\"800\" \/>\n\t<meta property=\"og:image:type\" content=\"image\/jpeg\" \/>\n<meta name=\"twitter:card\" content=\"summary_large_image\" \/>\n<meta name=\"twitter:label1\" content=\"Ber\u00e4knad l\u00e4stid\" \/>\n\t<meta name=\"twitter:data1\" content=\"3 minuter\" \/>\n<script type=\"application\/ld+json\" class=\"yoast-schema-graph\">{\"@context\":\"https:\\\/\\\/schema.org\",\"@graph\":[{\"@type\":\"WebPage\",\"@id\":\"https:\\\/\\\/painoklinikka.fi\\\/sv\\\/timo-hanninen\",\"url\":\"https:\\\/\\\/painoklinikka.fi\\\/sv\\\/timo-hanninen\",\"name\":\"Timo H\u00e4nninen - painoklinikka.fi\",\"isPartOf\":{\"@id\":\"https:\\\/\\\/painoklinikka.fi\\\/sv#website\"},\"primaryImageOfPage\":{\"@id\":\"https:\\\/\\\/painoklinikka.fi\\\/sv\\\/timo-hanninen#primaryimage\"},\"image\":{\"@id\":\"https:\\\/\\\/painoklinikka.fi\\\/sv\\\/timo-hanninen#primaryimage\"},\"thumbnailUrl\":\"https:\\\/\\\/painoklinikka.fi\\\/wp-content\\\/uploads\\\/2023\\\/08\\\/TimoH.jpg\",\"datePublished\":\"2024-06-04T12:36:33+00:00\",\"dateModified\":\"2025-11-14T13:31:28+00:00\",\"description\":\"Timo H\u00e4nninen \u00e4r specialist i idrottsmedicin och medicine doktor med 15 \u00e5rs erfarenhet av livsstilsr\u00e5dgivning. Boka tid!\",\"breadcrumb\":{\"@id\":\"https:\\\/\\\/painoklinikka.fi\\\/sv\\\/timo-hanninen#breadcrumb\"},\"inLanguage\":\"sv-SE\",\"potentialAction\":[{\"@type\":\"ReadAction\",\"target\":[\"https:\\\/\\\/painoklinikka.fi\\\/sv\\\/timo-hanninen\"]}]},{\"@type\":\"ImageObject\",\"inLanguage\":\"sv-SE\",\"@id\":\"https:\\\/\\\/painoklinikka.fi\\\/sv\\\/timo-hanninen#primaryimage\",\"url\":\"https:\\\/\\\/painoklinikka.fi\\\/wp-content\\\/uploads\\\/2023\\\/08\\\/TimoH.jpg\",\"contentUrl\":\"https:\\\/\\\/painoklinikka.fi\\\/wp-content\\\/uploads\\\/2023\\\/08\\\/TimoH.jpg\",\"width\":800,\"height\":800,\"caption\":\"Timo H\u00e4nninen\"},{\"@type\":\"BreadcrumbList\",\"@id\":\"https:\\\/\\\/painoklinikka.fi\\\/sv\\\/timo-hanninen#breadcrumb\",\"itemListElement\":[{\"@type\":\"ListItem\",\"position\":1,\"name\":\"Etusivu\",\"item\":\"https:\\\/\\\/painoklinikka.fi\\\/sv\"},{\"@type\":\"ListItem\",\"position\":2,\"name\":\"Timo H\u00e4nninen\"}]},{\"@type\":\"WebSite\",\"@id\":\"https:\\\/\\\/painoklinikka.fi\\\/sv#website\",\"url\":\"https:\\\/\\\/painoklinikka.fi\\\/sv\",\"name\":\"painoklinikka.fi\",\"description\":\"Painonhallintaan keskittynyt l&auml;&auml;k&auml;rikeskus, joka tarjoaa terveydenhuollon ammattilaisten et&auml;vastaanottoja.\",\"potentialAction\":[{\"@type\":\"SearchAction\",\"target\":{\"@type\":\"EntryPoint\",\"urlTemplate\":\"https:\\\/\\\/painoklinikka.fi\\\/sv?s={search_term_string}\"},\"query-input\":{\"@type\":\"PropertyValueSpecification\",\"valueRequired\":true,\"valueName\":\"search_term_string\"}}],\"inLanguage\":\"sv-SE\"}]}<\/script>\n<!-- \/ Yoast SEO plugin. -->","yoast_head_json":{"title":"Timo H\u00e4nninen - painoklinikka.fi","description":"Timo H\u00e4nninen \u00e4r specialist i idrottsmedicin och medicine doktor med 15 \u00e5rs erfarenhet av livsstilsr\u00e5dgivning. Boka tid!","robots":{"index":"index","follow":"follow","max-snippet":"max-snippet:-1","max-image-preview":"max-image-preview:large","max-video-preview":"max-video-preview:-1"},"canonical":"https:\/\/painoklinikka.fi\/sv\/timo-hanninen","og_locale":"sv_SE","og_type":"article","og_title":"Timo H\u00e4nninen - painoklinikka.fi","og_description":"Timo H\u00e4nninen \u00e4r specialist i idrottsmedicin och medicine doktor med 15 \u00e5rs erfarenhet av livsstilsr\u00e5dgivning. Boka tid!","og_url":"https:\/\/painoklinikka.fi\/sv\/timo-hanninen","og_site_name":"painoklinikka.fi","article_modified_time":"2025-11-14T13:31:28+00:00","og_image":[{"width":800,"height":800,"url":"https:\/\/painoklinikka.fi\/wp-content\/uploads\/2023\/08\/TimoH.jpg","type":"image\/jpeg"}],"twitter_card":"summary_large_image","twitter_misc":{"Ber\u00e4knad l\u00e4stid":"3 minuter"},"schema":{"@context":"https:\/\/schema.org","@graph":[{"@type":"WebPage","@id":"https:\/\/painoklinikka.fi\/sv\/timo-hanninen","url":"https:\/\/painoklinikka.fi\/sv\/timo-hanninen","name":"Timo H\u00e4nninen - painoklinikka.fi","isPartOf":{"@id":"https:\/\/painoklinikka.fi\/sv#website"},"primaryImageOfPage":{"@id":"https:\/\/painoklinikka.fi\/sv\/timo-hanninen#primaryimage"},"image":{"@id":"https:\/\/painoklinikka.fi\/sv\/timo-hanninen#primaryimage"},"thumbnailUrl":"https:\/\/painoklinikka.fi\/wp-content\/uploads\/2023\/08\/TimoH.jpg","datePublished":"2024-06-04T12:36:33+00:00","dateModified":"2025-11-14T13:31:28+00:00","description":"Timo H\u00e4nninen \u00e4r specialist i idrottsmedicin och medicine doktor med 15 \u00e5rs erfarenhet av livsstilsr\u00e5dgivning. Boka tid!","breadcrumb":{"@id":"https:\/\/painoklinikka.fi\/sv\/timo-hanninen#breadcrumb"},"inLanguage":"sv-SE","potentialAction":[{"@type":"ReadAction","target":["https:\/\/painoklinikka.fi\/sv\/timo-hanninen"]}]},{"@type":"ImageObject","inLanguage":"sv-SE","@id":"https:\/\/painoklinikka.fi\/sv\/timo-hanninen#primaryimage","url":"https:\/\/painoklinikka.fi\/wp-content\/uploads\/2023\/08\/TimoH.jpg","contentUrl":"https:\/\/painoklinikka.fi\/wp-content\/uploads\/2023\/08\/TimoH.jpg","width":800,"height":800,"caption":"Timo H\u00e4nninen"},{"@type":"BreadcrumbList","@id":"https:\/\/painoklinikka.fi\/sv\/timo-hanninen#breadcrumb","itemListElement":[{"@type":"ListItem","position":1,"name":"Etusivu","item":"https:\/\/painoklinikka.fi\/sv"},{"@type":"ListItem","position":2,"name":"Timo H\u00e4nninen"}]},{"@type":"WebSite","@id":"https:\/\/painoklinikka.fi\/sv#website","url":"https:\/\/painoklinikka.fi\/sv","name":"painoklinikka.fi","description":"Painonhallintaan keskittynyt l&auml;&auml;k&auml;rikeskus, joka tarjoaa terveydenhuollon ammattilaisten et&auml;vastaanottoja.","potentialAction":[{"@type":"SearchAction","target":{"@type":"EntryPoint","urlTemplate":"https:\/\/painoklinikka.fi\/sv?s={search_term_string}"},"query-input":{"@type":"PropertyValueSpecification","valueRequired":true,"valueName":"search_term_string"}}],"inLanguage":"sv-SE"}]}},"_links":{"self":[{"href":"https:\/\/painoklinikka.fi\/sv\/wp-json\/wp\/v2\/pages\/3301","targetHints":{"allow":["GET"]}}],"collection":[{"href":"https:\/\/painoklinikka.fi\/sv\/wp-json\/wp\/v2\/pages"}],"about":[{"href":"https:\/\/painoklinikka.fi\/sv\/wp-json\/wp\/v2\/types\/page"}],"author":[{"embeddable":true,"href":"https:\/\/painoklinikka.fi\/sv\/wp-json\/wp\/v2\/users\/4"}],"replies":[{"embeddable":true,"href":"https:\/\/painoklinikka.fi\/sv\/wp-json\/wp\/v2\/comments?post=3301"}],"version-history":[{"count":6,"href":"https:\/\/painoklinikka.fi\/sv\/wp-json\/wp\/v2\/pages\/3301\/revisions"}],"predecessor-version":[{"id":3898,"href":"https:\/\/painoklinikka.fi\/sv\/wp-json\/wp\/v2\/pages\/3301\/revisions\/3898"}],"wp:featuredmedia":[{"embeddable":true,"href":"https:\/\/painoklinikka.fi\/sv\/wp-json\/wp\/v2\/media\/3302"}],"wp:attachment":[{"href":"https:\/\/painoklinikka.fi\/sv\/wp-json\/wp\/v2\/media?parent=3301"}],"curies":[{"name":"wp","href":"https:\/\/api.w.org\/{rel}","templated":true}]}}