{"id":3305,"date":"2024-06-04T15:49:48","date_gmt":"2024-06-04T12:49:48","guid":{"rendered":"https:\/\/painoklinikka.fi\/paivi-suonsivu-miettinen"},"modified":"2025-11-14T15:31:28","modified_gmt":"2025-11-14T13:31:28","slug":"paivi-suonsivu-miettinen","status":"publish","type":"page","link":"https:\/\/painoklinikka.fi\/sv\/paivi-suonsivu-miettinen","title":{"rendered":"P\u00e4ivi Suonsivu-Miettinen"},"content":{"rendered":"[vc_row type=&#8221;in_container&#8221; full_screen_row_position=&#8221;middle&#8221; column_margin=&#8221;50px&#8221; column_direction=&#8221;default&#8221; column_direction_tablet=&#8221;default&#8221; column_direction_phone=&#8221;default&#8221; scene_position=&#8221;center&#8221; top_padding=&#8221;5%&#8221; bottom_padding=&#8221;5%&#8221; text_color=&#8221;dark&#8221; text_align=&#8221;left&#8221; row_border_radius=&#8221;none&#8221; row_border_radius_applies=&#8221;bg&#8221; overflow=&#8221;visible&#8221; overlay_strength=&#8221;0.3&#8243; gradient_direction=&#8221;left_to_right&#8221; shape_divider_position=&#8221;bottom&#8221; bg_image_animation=&#8221;none&#8221; gradient_type=&#8221;default&#8221; shape_type=&#8221;&#8221;][vc_column column_padding=&#8221;no-extra-padding&#8221; column_padding_tablet=&#8221;inherit&#8221; column_padding_phone=&#8221;inherit&#8221; column_padding_position=&#8221;all&#8221; column_element_direction_desktop=&#8221;default&#8221; column_element_spacing=&#8221;default&#8221; desktop_text_alignment=&#8221;default&#8221; tablet_text_alignment=&#8221;default&#8221; phone_text_alignment=&#8221;default&#8221; background_color_opacity=&#8221;1&#8243; background_hover_color_opacity=&#8221;1&#8243; column_backdrop_filter=&#8221;none&#8221; column_shadow=&#8221;none&#8221; column_border_radius=&#8221;none&#8221; column_link_target=&#8221;_self&#8221; column_position=&#8221;default&#8221; gradient_direction=&#8221;left_to_right&#8221; overlay_strength=&#8221;0.3&#8243; width=&#8221;2\/3&#8243; tablet_width_inherit=&#8221;default&#8221; animation_type=&#8221;default&#8221; bg_image_animation=&#8221;none&#8221; border_type=&#8221;simple&#8221; column_border_width=&#8221;none&#8221; column_border_style=&#8221;solid&#8221;][nectar_responsive_text inherited_font_style=&#8221;default&#8221; text_direction=&#8221;default&#8221;]\n<h2>P\u00e4ivi Suonsivu-Miettinen<\/h2>\n[\/nectar_responsive_text][vc_column_text css=&#8221;&#8221; text_direction=&#8221;default&#8221;]<b>P\u00e4ivi Suonsivu-Miettinen<\/b> \u00e4r en specialist inom gynekologi och obstetrik som n\u00e4rmar sig h\u00e4lsoproblem p\u00e5 ett empatiskt och holistiskt s\u00e4tt. P\u00e4ivis s\u00e4rskilda intresse \u00e4r funktionell medicin, d\u00e4r m\u00e5let \u00e4r att p\u00e5verka de underliggande orsakerna till sjukdomar. Centralt \u00e4r kostens och milj\u00f6ns p\u00e5verkan p\u00e5 h\u00e4lsan, eftersom den viktigaste faktorn som p\u00e5verkar v\u00e5r h\u00e4lsa och som vi sj\u00e4lva kan p\u00e5verka \u00e4r kosten.  <\/p>\n<p>V\u00e4nligen boka 60 minuter f\u00f6r ditt f\u00f6rsta bes\u00f6k!<\/p>\n<p>Fetma \u00e4r en sjukdom som \u00e4r resultatet av en l\u00e5ngvarig obalans i kroppen. F\u00f6r att uppn\u00e5 ett best\u00e5ende behandlingsresultat m\u00e5ste alla aspekter av livet beaktas. L\u00e4kemedel \u00e4r ett hj\u00e4lpmedel, men det viktigaste \u00e4r intresset och viljan att ta ansvar f\u00f6r sitt eget liv och arbeta f\u00f6r f\u00f6r\u00e4ndringar som st\u00f6der h\u00e4lsa och v\u00e4lbefinnande. I denna process erbjuder P\u00e4ivi st\u00f6d och professionell kompetens.   <\/p>\n<p>Genom viktkontroll och kost \u00e4r det ocks\u00e5 m\u00f6jligt att p\u00e5verka kvinnors h\u00e4lsa och hormonella balans. Till exempel kan symtom relaterade till PCOS, PMS och klimakteriet lindras och fertiliteten st\u00f6djas. <\/p>\n<p>Alla som k\u00e4mpar med vikten \u00e4r v\u00e4lkomna till P\u00e4ivis mottagning, oavsett k\u00f6n.[\/vc_column_text][nectar_btn size=&#8221;large&#8221; button_style=&#8221;regular&#8221; button_color_2=&#8221;Accent-Color&#8221; icon_family=&#8221;default_arrow&#8221; text=&#8221;Boka tid&#8221; margin_top=&#8221;15&#8243; url=&#8221;https:\/\/painoklinikka.fi\/sv\/tidsbokning&#8221;][\/vc_column][vc_column column_padding=&#8221;no-extra-padding&#8221; column_padding_tablet=&#8221;inherit&#8221; column_padding_phone=&#8221;inherit&#8221; column_padding_position=&#8221;all&#8221; column_element_direction_desktop=&#8221;default&#8221; column_element_spacing=&#8221;default&#8221; desktop_text_alignment=&#8221;default&#8221; tablet_text_alignment=&#8221;default&#8221; phone_text_alignment=&#8221;default&#8221; background_color_opacity=&#8221;1&#8243; background_hover_color_opacity=&#8221;1&#8243; column_backdrop_filter=&#8221;none&#8221; column_shadow=&#8221;none&#8221; column_border_radius=&#8221;none&#8221; column_link_target=&#8221;_self&#8221; column_position=&#8221;default&#8221; gradient_direction=&#8221;left_to_right&#8221; overlay_strength=&#8221;0.3&#8243; width=&#8221;1\/3&#8243; tablet_width_inherit=&#8221;default&#8221; animation_type=&#8221;default&#8221; bg_image_animation=&#8221;none&#8221; border_type=&#8221;simple&#8221; column_border_width=&#8221;none&#8221; column_border_style=&#8221;solid&#8221;][image_with_animation image_url=&#8221;1419&#8243; image_size=&#8221;full&#8221; max_width=&#8221;100%&#8221; max_width_mobile=&#8221;default&#8221; animation_type=&#8221;entrance&#8221; animation=&#8221;None&#8221; animation_movement_type=&#8221;transform_y&#8221; hover_animation=&#8221;none&#8221; alignment=&#8221;&#8221; border_radius=&#8221;15px&#8221; box_shadow=&#8221;none&#8221; image_loading=&#8221;default&#8221;][\/vc_column][\/vc_row]\n","protected":false},"excerpt":{"rendered":"<p>[vc_row type=&#8221;in_container&#8221; full_screen_row_position=&#8221;middle&#8221; column_margin=&#8221;50px&#8221; column_direction=&#8221;default&#8221; column_direction_tablet=&#8221;default&#8221; column_direction_phone=&#8221;default&#8221; scene_position=&#8221;center&#8221; top_padding=&#8221;5%&#8221; bottom_padding=&#8221;5%&#8221; text_color=&#8221;dark&#8221; text_align=&#8221;left&#8221; row_border_radius=&#8221;none&#8221; row_border_radius_applies=&#8221;bg&#8221; overflow=&#8221;visible&#8221; overlay_strength=&#8221;0.3&#8243; gradient_direction=&#8221;left_to_right&#8221; shape_divider_position=&#8221;bottom&#8221; bg_image_animation=&#8221;none&#8221; gradient_type=&#8221;default&#8221; shape_type=&#8221;&#8221;][vc_column column_padding=&#8221;no-extra-padding&#8221; column_padding_tablet=&#8221;inherit&#8221; column_padding_phone=&#8221;inherit&#8221; column_padding_position=&#8221;all&#8221; column_element_direction_desktop=&#8221;default&#8221; column_element_spacing=&#8221;default&#8221; desktop_text_alignment=&#8221;default&#8221; tablet_text_alignment=&#8221;default&#8221; phone_text_alignment=&#8221;default&#8221;&#8230;<\/p>\n","protected":false},"author":4,"featured_media":3306,"parent":0,"menu_order":0,"comment_status":"closed","ping_status":"closed","template":"","meta":{"footnotes":""},"class_list":["post-3305","page","type-page","status-publish","has-post-thumbnail"],"yoast_head":"<!-- This site is optimized with the Yoast SEO plugin v27.4 - https:\/\/yoast.com\/product\/yoast-seo-wordpress\/ -->\n<title>P\u00e4ivi Suonsivu-Miettinen - painoklinikka.fi<\/title>\n<meta name=\"description\" content=\"P\u00e4ivi Suonsivu-Miettinen \u00e4r en specialist inom gynekologi och obstetrik som n\u00e4rmar sig h\u00e4lsoproblem p\u00e5 ett empatiskt och holistiskt s\u00e4tt. Boka tid!\" \/>\n<meta name=\"robots\" content=\"index, follow, max-snippet:-1, max-image-preview:large, max-video-preview:-1\" \/>\n<link rel=\"canonical\" href=\"https:\/\/painoklinikka.fi\/sv\/paivi-suonsivu-miettinen\" \/>\n<meta property=\"og:locale\" content=\"sv_SE\" \/>\n<meta property=\"og:type\" content=\"article\" \/>\n<meta property=\"og:title\" content=\"P\u00e4ivi Suonsivu-Miettinen - painoklinikka.fi\" \/>\n<meta property=\"og:description\" content=\"P\u00e4ivi Suonsivu-Miettinen \u00e4r en specialist inom gynekologi och obstetrik som n\u00e4rmar sig h\u00e4lsoproblem p\u00e5 ett empatiskt och holistiskt s\u00e4tt. Boka tid!\" \/>\n<meta property=\"og:url\" content=\"https:\/\/painoklinikka.fi\/sv\/paivi-suonsivu-miettinen\" \/>\n<meta property=\"og:site_name\" content=\"painoklinikka.fi\" \/>\n<meta property=\"article:modified_time\" content=\"2025-11-14T13:31:28+00:00\" \/>\n<meta property=\"og:image\" content=\"https:\/\/painoklinikka.fi\/wp-content\/uploads\/2023\/12\/Paivi-Suonsivu-Miettinen-e1702461113632.jpg\" \/>\n\t<meta property=\"og:image:width\" content=\"800\" \/>\n\t<meta property=\"og:image:height\" content=\"806\" \/>\n\t<meta property=\"og:image:type\" content=\"image\/jpeg\" \/>\n<meta name=\"twitter:card\" content=\"summary_large_image\" \/>\n<meta name=\"twitter:label1\" content=\"Ber\u00e4knad l\u00e4stid\" \/>\n\t<meta name=\"twitter:data1\" content=\"3 minuter\" \/>\n<script type=\"application\/ld+json\" class=\"yoast-schema-graph\">{\"@context\":\"https:\\\/\\\/schema.org\",\"@graph\":[{\"@type\":\"WebPage\",\"@id\":\"https:\\\/\\\/painoklinikka.fi\\\/sv\\\/paivi-suonsivu-miettinen\",\"url\":\"https:\\\/\\\/painoklinikka.fi\\\/sv\\\/paivi-suonsivu-miettinen\",\"name\":\"P\u00e4ivi Suonsivu-Miettinen - painoklinikka.fi\",\"isPartOf\":{\"@id\":\"https:\\\/\\\/painoklinikka.fi\\\/sv#website\"},\"primaryImageOfPage\":{\"@id\":\"https:\\\/\\\/painoklinikka.fi\\\/sv\\\/paivi-suonsivu-miettinen#primaryimage\"},\"image\":{\"@id\":\"https:\\\/\\\/painoklinikka.fi\\\/sv\\\/paivi-suonsivu-miettinen#primaryimage\"},\"thumbnailUrl\":\"https:\\\/\\\/painoklinikka.fi\\\/wp-content\\\/uploads\\\/2023\\\/12\\\/Paivi-Suonsivu-Miettinen-e1702461113632.jpg\",\"datePublished\":\"2024-06-04T12:49:48+00:00\",\"dateModified\":\"2025-11-14T13:31:28+00:00\",\"description\":\"P\u00e4ivi Suonsivu-Miettinen \u00e4r en specialist inom gynekologi och obstetrik som n\u00e4rmar sig h\u00e4lsoproblem p\u00e5 ett empatiskt och holistiskt s\u00e4tt. Boka tid!\",\"breadcrumb\":{\"@id\":\"https:\\\/\\\/painoklinikka.fi\\\/sv\\\/paivi-suonsivu-miettinen#breadcrumb\"},\"inLanguage\":\"sv-SE\",\"potentialAction\":[{\"@type\":\"ReadAction\",\"target\":[\"https:\\\/\\\/painoklinikka.fi\\\/sv\\\/paivi-suonsivu-miettinen\"]}]},{\"@type\":\"ImageObject\",\"inLanguage\":\"sv-SE\",\"@id\":\"https:\\\/\\\/painoklinikka.fi\\\/sv\\\/paivi-suonsivu-miettinen#primaryimage\",\"url\":\"https:\\\/\\\/painoklinikka.fi\\\/wp-content\\\/uploads\\\/2023\\\/12\\\/Paivi-Suonsivu-Miettinen-e1702461113632.jpg\",\"contentUrl\":\"https:\\\/\\\/painoklinikka.fi\\\/wp-content\\\/uploads\\\/2023\\\/12\\\/Paivi-Suonsivu-Miettinen-e1702461113632.jpg\",\"width\":800,\"height\":806,\"caption\":\"P\u00e4ivi Suonsivu-Miettinen\"},{\"@type\":\"BreadcrumbList\",\"@id\":\"https:\\\/\\\/painoklinikka.fi\\\/sv\\\/paivi-suonsivu-miettinen#breadcrumb\",\"itemListElement\":[{\"@type\":\"ListItem\",\"position\":1,\"name\":\"Etusivu\",\"item\":\"https:\\\/\\\/painoklinikka.fi\\\/sv\"},{\"@type\":\"ListItem\",\"position\":2,\"name\":\"P\u00e4ivi Suonsivu-Miettinen\"}]},{\"@type\":\"WebSite\",\"@id\":\"https:\\\/\\\/painoklinikka.fi\\\/sv#website\",\"url\":\"https:\\\/\\\/painoklinikka.fi\\\/sv\",\"name\":\"painoklinikka.fi\",\"description\":\"Painonhallintaan keskittynyt l&auml;&auml;k&auml;rikeskus, joka tarjoaa terveydenhuollon ammattilaisten et&auml;vastaanottoja.\",\"potentialAction\":[{\"@type\":\"SearchAction\",\"target\":{\"@type\":\"EntryPoint\",\"urlTemplate\":\"https:\\\/\\\/painoklinikka.fi\\\/sv?s={search_term_string}\"},\"query-input\":{\"@type\":\"PropertyValueSpecification\",\"valueRequired\":true,\"valueName\":\"search_term_string\"}}],\"inLanguage\":\"sv-SE\"}]}<\/script>\n<!-- \/ Yoast SEO plugin. -->","yoast_head_json":{"title":"P\u00e4ivi Suonsivu-Miettinen - painoklinikka.fi","description":"P\u00e4ivi Suonsivu-Miettinen \u00e4r en specialist inom gynekologi och obstetrik som n\u00e4rmar sig h\u00e4lsoproblem p\u00e5 ett empatiskt och holistiskt s\u00e4tt. Boka tid!","robots":{"index":"index","follow":"follow","max-snippet":"max-snippet:-1","max-image-preview":"max-image-preview:large","max-video-preview":"max-video-preview:-1"},"canonical":"https:\/\/painoklinikka.fi\/sv\/paivi-suonsivu-miettinen","og_locale":"sv_SE","og_type":"article","og_title":"P\u00e4ivi Suonsivu-Miettinen - painoklinikka.fi","og_description":"P\u00e4ivi Suonsivu-Miettinen \u00e4r en specialist inom gynekologi och obstetrik som n\u00e4rmar sig h\u00e4lsoproblem p\u00e5 ett empatiskt och holistiskt s\u00e4tt. Boka tid!","og_url":"https:\/\/painoklinikka.fi\/sv\/paivi-suonsivu-miettinen","og_site_name":"painoklinikka.fi","article_modified_time":"2025-11-14T13:31:28+00:00","og_image":[{"width":800,"height":806,"url":"https:\/\/painoklinikka.fi\/wp-content\/uploads\/2023\/12\/Paivi-Suonsivu-Miettinen-e1702461113632.jpg","type":"image\/jpeg"}],"twitter_card":"summary_large_image","twitter_misc":{"Ber\u00e4knad l\u00e4stid":"3 minuter"},"schema":{"@context":"https:\/\/schema.org","@graph":[{"@type":"WebPage","@id":"https:\/\/painoklinikka.fi\/sv\/paivi-suonsivu-miettinen","url":"https:\/\/painoklinikka.fi\/sv\/paivi-suonsivu-miettinen","name":"P\u00e4ivi Suonsivu-Miettinen - painoklinikka.fi","isPartOf":{"@id":"https:\/\/painoklinikka.fi\/sv#website"},"primaryImageOfPage":{"@id":"https:\/\/painoklinikka.fi\/sv\/paivi-suonsivu-miettinen#primaryimage"},"image":{"@id":"https:\/\/painoklinikka.fi\/sv\/paivi-suonsivu-miettinen#primaryimage"},"thumbnailUrl":"https:\/\/painoklinikka.fi\/wp-content\/uploads\/2023\/12\/Paivi-Suonsivu-Miettinen-e1702461113632.jpg","datePublished":"2024-06-04T12:49:48+00:00","dateModified":"2025-11-14T13:31:28+00:00","description":"P\u00e4ivi Suonsivu-Miettinen \u00e4r en specialist inom gynekologi och obstetrik som n\u00e4rmar sig h\u00e4lsoproblem p\u00e5 ett empatiskt och holistiskt s\u00e4tt. Boka tid!","breadcrumb":{"@id":"https:\/\/painoklinikka.fi\/sv\/paivi-suonsivu-miettinen#breadcrumb"},"inLanguage":"sv-SE","potentialAction":[{"@type":"ReadAction","target":["https:\/\/painoklinikka.fi\/sv\/paivi-suonsivu-miettinen"]}]},{"@type":"ImageObject","inLanguage":"sv-SE","@id":"https:\/\/painoklinikka.fi\/sv\/paivi-suonsivu-miettinen#primaryimage","url":"https:\/\/painoklinikka.fi\/wp-content\/uploads\/2023\/12\/Paivi-Suonsivu-Miettinen-e1702461113632.jpg","contentUrl":"https:\/\/painoklinikka.fi\/wp-content\/uploads\/2023\/12\/Paivi-Suonsivu-Miettinen-e1702461113632.jpg","width":800,"height":806,"caption":"P\u00e4ivi Suonsivu-Miettinen"},{"@type":"BreadcrumbList","@id":"https:\/\/painoklinikka.fi\/sv\/paivi-suonsivu-miettinen#breadcrumb","itemListElement":[{"@type":"ListItem","position":1,"name":"Etusivu","item":"https:\/\/painoklinikka.fi\/sv"},{"@type":"ListItem","position":2,"name":"P\u00e4ivi Suonsivu-Miettinen"}]},{"@type":"WebSite","@id":"https:\/\/painoklinikka.fi\/sv#website","url":"https:\/\/painoklinikka.fi\/sv","name":"painoklinikka.fi","description":"Painonhallintaan keskittynyt l&auml;&auml;k&auml;rikeskus, joka tarjoaa terveydenhuollon ammattilaisten et&auml;vastaanottoja.","potentialAction":[{"@type":"SearchAction","target":{"@type":"EntryPoint","urlTemplate":"https:\/\/painoklinikka.fi\/sv?s={search_term_string}"},"query-input":{"@type":"PropertyValueSpecification","valueRequired":true,"valueName":"search_term_string"}}],"inLanguage":"sv-SE"}]}},"_links":{"self":[{"href":"https:\/\/painoklinikka.fi\/sv\/wp-json\/wp\/v2\/pages\/3305","targetHints":{"allow":["GET"]}}],"collection":[{"href":"https:\/\/painoklinikka.fi\/sv\/wp-json\/wp\/v2\/pages"}],"about":[{"href":"https:\/\/painoklinikka.fi\/sv\/wp-json\/wp\/v2\/types\/page"}],"author":[{"embeddable":true,"href":"https:\/\/painoklinikka.fi\/sv\/wp-json\/wp\/v2\/users\/4"}],"replies":[{"embeddable":true,"href":"https:\/\/painoklinikka.fi\/sv\/wp-json\/wp\/v2\/comments?post=3305"}],"version-history":[{"count":2,"href":"https:\/\/painoklinikka.fi\/sv\/wp-json\/wp\/v2\/pages\/3305\/revisions"}],"predecessor-version":[{"id":3896,"href":"https:\/\/painoklinikka.fi\/sv\/wp-json\/wp\/v2\/pages\/3305\/revisions\/3896"}],"wp:featuredmedia":[{"embeddable":true,"href":"https:\/\/painoklinikka.fi\/sv\/wp-json\/wp\/v2\/media\/3306"}],"wp:attachment":[{"href":"https:\/\/painoklinikka.fi\/sv\/wp-json\/wp\/v2\/media?parent=3305"}],"curies":[{"name":"wp","href":"https:\/\/api.w.org\/{rel}","templated":true}]}}