{"id":3314,"date":"2024-06-04T15:28:19","date_gmt":"2024-06-04T12:28:19","guid":{"rendered":"https:\/\/painoklinikka.fi\/andre-heikius"},"modified":"2025-11-14T15:31:29","modified_gmt":"2025-11-14T13:31:29","slug":"andre-heikius","status":"publish","type":"page","link":"https:\/\/painoklinikka.fi\/sv\/andre-heikius","title":{"rendered":"Andr\u00e9 Heikius"},"content":{"rendered":"[vc_row type=&#8221;in_container&#8221; full_screen_row_position=&#8221;middle&#8221; column_margin=&#8221;50px&#8221; column_direction=&#8221;default&#8221; column_direction_tablet=&#8221;default&#8221; column_direction_phone=&#8221;default&#8221; scene_position=&#8221;center&#8221; top_padding=&#8221;5%&#8221; bottom_padding=&#8221;5%&#8221; text_color=&#8221;dark&#8221; text_align=&#8221;left&#8221; row_border_radius=&#8221;none&#8221; row_border_radius_applies=&#8221;bg&#8221; overflow=&#8221;visible&#8221; overlay_strength=&#8221;0.3&#8243; gradient_direction=&#8221;left_to_right&#8221; shape_divider_position=&#8221;bottom&#8221; bg_image_animation=&#8221;none&#8221; gradient_type=&#8221;default&#8221; shape_type=&#8221;&#8221;][vc_column column_padding=&#8221;no-extra-padding&#8221; column_padding_tablet=&#8221;inherit&#8221; column_padding_phone=&#8221;inherit&#8221; column_padding_position=&#8221;all&#8221; column_element_direction_desktop=&#8221;default&#8221; column_element_spacing=&#8221;default&#8221; desktop_text_alignment=&#8221;default&#8221; tablet_text_alignment=&#8221;default&#8221; phone_text_alignment=&#8221;default&#8221; background_color_opacity=&#8221;1&#8243; background_hover_color_opacity=&#8221;1&#8243; column_backdrop_filter=&#8221;none&#8221; column_shadow=&#8221;none&#8221; column_border_radius=&#8221;none&#8221; column_link_target=&#8221;_self&#8221; column_position=&#8221;default&#8221; gradient_direction=&#8221;left_to_right&#8221; overlay_strength=&#8221;0.3&#8243; width=&#8221;2\/3&#8243; tablet_width_inherit=&#8221;default&#8221; animation_type=&#8221;default&#8221; bg_image_animation=&#8221;none&#8221; border_type=&#8221;simple&#8221; column_border_width=&#8221;none&#8221; column_border_style=&#8221;solid&#8221;][nectar_responsive_text inherited_font_style=&#8221;default&#8221; text_direction=&#8221;default&#8221;]\n<h2>Andr\u00e9 Heikius<\/h2>\n[\/nectar_responsive_text][vc_column_text css=&#8221;&#8221; text_direction=&#8221;default&#8221;]<b>Andr\u00e9 Heikius<\/b> \u00e4r en erfaren vikthanteringsl\u00e4kare vars specialomr\u00e5den \u00e4r behandling av \u00f6vervikt och fetma, s\u00e4ker viktminskning samt varaktig viktkontroll. Han \u00e4r \u00f6verl\u00e4kare vid Viktkliniken och fungerar bl.a. som verksamhetsledare f\u00f6r Finlands Fetmal\u00e4karf\u00f6rening rf.  <\/p>\n<p>Vid vikthanteringsl\u00e4karens mottagning f\u00e5r du en omfattande bed\u00f6mning av \u00f6vervikt och fetma, samt forskningsbaserat st\u00f6d f\u00f6r viktminskning. Vid det f\u00f6rsta bes\u00f6ket utarbetas ett individuellt behandlingsprogram f\u00f6r dig, som inkluderar individuella behandlingsanvisningar med h\u00e4nsyn till din h\u00e4lsosituation och eventuell medicinering samt st\u00f6d f\u00f6r viktminskning anpassat till din livssituation. <\/p>\n<p>Det finns ocks\u00e5 ny effektiv medicinsk behandling f\u00f6r fetma och \u00f6vervikt, som kan kombineras med livsstilsf\u00f6r\u00e4ndringar.<\/p>\n<p>Du kan bekanta dig med Andr\u00e9s bok <i>Viktdoktorn \u2013 G\u00e5 ner i vikt permanent<\/i> <a href=\"https:\/\/www.painotohtori.fi\/painotohtori-kirja\">h\u00e4r.<\/a>[\/vc_column_text][nectar_btn size=&#8221;large&#8221; button_style=&#8221;regular&#8221; button_color_2=&#8221;Accent-Color&#8221; icon_family=&#8221;default_arrow&#8221; text=&#8221;Boka tid&#8221; margin_top=&#8221;15&#8243; url=&#8221;https:\/\/painoklinikka.fi\/sv\/tidsbokning&#8221;][\/vc_column][vc_column column_padding=&#8221;no-extra-padding&#8221; column_padding_tablet=&#8221;inherit&#8221; column_padding_phone=&#8221;inherit&#8221; column_padding_position=&#8221;all&#8221; column_element_direction_desktop=&#8221;default&#8221; column_element_spacing=&#8221;default&#8221; desktop_text_alignment=&#8221;default&#8221; tablet_text_alignment=&#8221;default&#8221; phone_text_alignment=&#8221;default&#8221; background_color_opacity=&#8221;1&#8243; background_hover_color_opacity=&#8221;1&#8243; column_backdrop_filter=&#8221;none&#8221; column_shadow=&#8221;none&#8221; column_border_radius=&#8221;none&#8221; column_link_target=&#8221;_self&#8221; column_position=&#8221;default&#8221; gradient_direction=&#8221;left_to_right&#8221; overlay_strength=&#8221;0.3&#8243; width=&#8221;1\/3&#8243; tablet_width_inherit=&#8221;default&#8221; animation_type=&#8221;default&#8221; bg_image_animation=&#8221;none&#8221; border_type=&#8221;simple&#8221; column_border_width=&#8221;none&#8221; column_border_style=&#8221;solid&#8221;][image_with_animation image_url=&#8221;1813&#8243; image_size=&#8221;full&#8221; max_width=&#8221;100%&#8221; max_width_mobile=&#8221;default&#8221; animation_type=&#8221;entrance&#8221; animation=&#8221;None&#8221; animation_movement_type=&#8221;transform_y&#8221; hover_animation=&#8221;none&#8221; alignment=&#8221;&#8221; border_radius=&#8221;15px&#8221; box_shadow=&#8221;none&#8221; image_loading=&#8221;default&#8221;][\/vc_column][\/vc_row]\n","protected":false},"excerpt":{"rendered":"<p>[vc_row type=&#8221;in_container&#8221; full_screen_row_position=&#8221;middle&#8221; column_margin=&#8221;50px&#8221; column_direction=&#8221;default&#8221; column_direction_tablet=&#8221;default&#8221; column_direction_phone=&#8221;default&#8221; scene_position=&#8221;center&#8221; top_padding=&#8221;5%&#8221; bottom_padding=&#8221;5%&#8221; text_color=&#8221;dark&#8221; text_align=&#8221;left&#8221; row_border_radius=&#8221;none&#8221; row_border_radius_applies=&#8221;bg&#8221; overflow=&#8221;visible&#8221; overlay_strength=&#8221;0.3&#8243; gradient_direction=&#8221;left_to_right&#8221; shape_divider_position=&#8221;bottom&#8221; bg_image_animation=&#8221;none&#8221; gradient_type=&#8221;default&#8221; shape_type=&#8221;&#8221;][vc_column column_padding=&#8221;no-extra-padding&#8221; column_padding_tablet=&#8221;inherit&#8221; column_padding_phone=&#8221;inherit&#8221; column_padding_position=&#8221;all&#8221; column_element_direction_desktop=&#8221;default&#8221; column_element_spacing=&#8221;default&#8221; desktop_text_alignment=&#8221;default&#8221; tablet_text_alignment=&#8221;default&#8221; phone_text_alignment=&#8221;default&#8221;&#8230;<\/p>\n","protected":false},"author":4,"featured_media":3315,"parent":0,"menu_order":0,"comment_status":"closed","ping_status":"closed","template":"","meta":{"footnotes":""},"class_list":["post-3314","page","type-page","status-publish","has-post-thumbnail"],"yoast_head":"<!-- This site is optimized with the Yoast SEO plugin v27.4 - https:\/\/yoast.com\/product\/yoast-seo-wordpress\/ -->\n<title>Andr\u00e9 Heikius - painoklinikka.fi<\/title>\n<meta name=\"description\" content=\"Andr\u00e9 Heikius specialomr\u00e5den \u00e4r behandling av \u00f6vervikt och fetma, s\u00e4ker viktminskning samt varaktig viktkontroll. Boka tid!\" \/>\n<meta name=\"robots\" content=\"index, follow, max-snippet:-1, max-image-preview:large, max-video-preview:-1\" \/>\n<link rel=\"canonical\" href=\"https:\/\/painoklinikka.fi\/sv\/andre-heikius\" \/>\n<meta property=\"og:locale\" content=\"sv_SE\" \/>\n<meta property=\"og:type\" content=\"article\" \/>\n<meta property=\"og:title\" content=\"Andr\u00e9 Heikius - painoklinikka.fi\" \/>\n<meta property=\"og:description\" content=\"Andr\u00e9 Heikius specialomr\u00e5den \u00e4r behandling av \u00f6vervikt och fetma, s\u00e4ker viktminskning samt varaktig viktkontroll. Boka tid!\" \/>\n<meta property=\"og:url\" content=\"https:\/\/painoklinikka.fi\/sv\/andre-heikius\" \/>\n<meta property=\"og:site_name\" content=\"painoklinikka.fi\" \/>\n<meta property=\"article:modified_time\" content=\"2025-11-14T13:31:29+00:00\" \/>\n<meta property=\"og:image\" content=\"https:\/\/painoklinikka.fi\/wp-content\/uploads\/2024\/03\/WhatsApp-Kuva-2024-02-04-klo-16.14.48_a2ce94e5.jpg\" \/>\n\t<meta property=\"og:image:width\" content=\"1066\" \/>\n\t<meta property=\"og:image:height\" content=\"1600\" \/>\n\t<meta property=\"og:image:type\" content=\"image\/jpeg\" \/>\n<meta name=\"twitter:card\" content=\"summary_large_image\" \/>\n<meta name=\"twitter:label1\" content=\"Ber\u00e4knad l\u00e4stid\" \/>\n\t<meta name=\"twitter:data1\" content=\"2 minuter\" \/>\n<script type=\"application\/ld+json\" class=\"yoast-schema-graph\">{\"@context\":\"https:\\\/\\\/schema.org\",\"@graph\":[{\"@type\":\"WebPage\",\"@id\":\"https:\\\/\\\/painoklinikka.fi\\\/sv\\\/andre-heikius\",\"url\":\"https:\\\/\\\/painoklinikka.fi\\\/sv\\\/andre-heikius\",\"name\":\"Andr\u00e9 Heikius - painoklinikka.fi\",\"isPartOf\":{\"@id\":\"https:\\\/\\\/painoklinikka.fi\\\/sv#website\"},\"primaryImageOfPage\":{\"@id\":\"https:\\\/\\\/painoklinikka.fi\\\/sv\\\/andre-heikius#primaryimage\"},\"image\":{\"@id\":\"https:\\\/\\\/painoklinikka.fi\\\/sv\\\/andre-heikius#primaryimage\"},\"thumbnailUrl\":\"https:\\\/\\\/painoklinikka.fi\\\/wp-content\\\/uploads\\\/2024\\\/03\\\/WhatsApp-Kuva-2024-02-04-klo-16.14.48_a2ce94e5.jpg\",\"datePublished\":\"2024-06-04T12:28:19+00:00\",\"dateModified\":\"2025-11-14T13:31:29+00:00\",\"description\":\"Andr\u00e9 Heikius specialomr\u00e5den \u00e4r behandling av \u00f6vervikt och fetma, s\u00e4ker viktminskning samt varaktig viktkontroll. Boka tid!\",\"breadcrumb\":{\"@id\":\"https:\\\/\\\/painoklinikka.fi\\\/sv\\\/andre-heikius#breadcrumb\"},\"inLanguage\":\"sv-SE\",\"potentialAction\":[{\"@type\":\"ReadAction\",\"target\":[\"https:\\\/\\\/painoklinikka.fi\\\/sv\\\/andre-heikius\"]}]},{\"@type\":\"ImageObject\",\"inLanguage\":\"sv-SE\",\"@id\":\"https:\\\/\\\/painoklinikka.fi\\\/sv\\\/andre-heikius#primaryimage\",\"url\":\"https:\\\/\\\/painoklinikka.fi\\\/wp-content\\\/uploads\\\/2024\\\/03\\\/WhatsApp-Kuva-2024-02-04-klo-16.14.48_a2ce94e5.jpg\",\"contentUrl\":\"https:\\\/\\\/painoklinikka.fi\\\/wp-content\\\/uploads\\\/2024\\\/03\\\/WhatsApp-Kuva-2024-02-04-klo-16.14.48_a2ce94e5.jpg\",\"width\":1066,\"height\":1600,\"caption\":\"Andr\u00e9 Heikius\"},{\"@type\":\"BreadcrumbList\",\"@id\":\"https:\\\/\\\/painoklinikka.fi\\\/sv\\\/andre-heikius#breadcrumb\",\"itemListElement\":[{\"@type\":\"ListItem\",\"position\":1,\"name\":\"Etusivu\",\"item\":\"https:\\\/\\\/painoklinikka.fi\\\/sv\"},{\"@type\":\"ListItem\",\"position\":2,\"name\":\"Andr\u00e9 Heikius\"}]},{\"@type\":\"WebSite\",\"@id\":\"https:\\\/\\\/painoklinikka.fi\\\/sv#website\",\"url\":\"https:\\\/\\\/painoklinikka.fi\\\/sv\",\"name\":\"painoklinikka.fi\",\"description\":\"Painonhallintaan keskittynyt l&auml;&auml;k&auml;rikeskus, joka tarjoaa terveydenhuollon ammattilaisten et&auml;vastaanottoja.\",\"potentialAction\":[{\"@type\":\"SearchAction\",\"target\":{\"@type\":\"EntryPoint\",\"urlTemplate\":\"https:\\\/\\\/painoklinikka.fi\\\/sv?s={search_term_string}\"},\"query-input\":{\"@type\":\"PropertyValueSpecification\",\"valueRequired\":true,\"valueName\":\"search_term_string\"}}],\"inLanguage\":\"sv-SE\"}]}<\/script>\n<!-- \/ Yoast SEO plugin. -->","yoast_head_json":{"title":"Andr\u00e9 Heikius - painoklinikka.fi","description":"Andr\u00e9 Heikius specialomr\u00e5den \u00e4r behandling av \u00f6vervikt och fetma, s\u00e4ker viktminskning samt varaktig viktkontroll. Boka tid!","robots":{"index":"index","follow":"follow","max-snippet":"max-snippet:-1","max-image-preview":"max-image-preview:large","max-video-preview":"max-video-preview:-1"},"canonical":"https:\/\/painoklinikka.fi\/sv\/andre-heikius","og_locale":"sv_SE","og_type":"article","og_title":"Andr\u00e9 Heikius - painoklinikka.fi","og_description":"Andr\u00e9 Heikius specialomr\u00e5den \u00e4r behandling av \u00f6vervikt och fetma, s\u00e4ker viktminskning samt varaktig viktkontroll. Boka tid!","og_url":"https:\/\/painoklinikka.fi\/sv\/andre-heikius","og_site_name":"painoklinikka.fi","article_modified_time":"2025-11-14T13:31:29+00:00","og_image":[{"width":1066,"height":1600,"url":"https:\/\/painoklinikka.fi\/wp-content\/uploads\/2024\/03\/WhatsApp-Kuva-2024-02-04-klo-16.14.48_a2ce94e5.jpg","type":"image\/jpeg"}],"twitter_card":"summary_large_image","twitter_misc":{"Ber\u00e4knad l\u00e4stid":"2 minuter"},"schema":{"@context":"https:\/\/schema.org","@graph":[{"@type":"WebPage","@id":"https:\/\/painoklinikka.fi\/sv\/andre-heikius","url":"https:\/\/painoklinikka.fi\/sv\/andre-heikius","name":"Andr\u00e9 Heikius - painoklinikka.fi","isPartOf":{"@id":"https:\/\/painoklinikka.fi\/sv#website"},"primaryImageOfPage":{"@id":"https:\/\/painoklinikka.fi\/sv\/andre-heikius#primaryimage"},"image":{"@id":"https:\/\/painoklinikka.fi\/sv\/andre-heikius#primaryimage"},"thumbnailUrl":"https:\/\/painoklinikka.fi\/wp-content\/uploads\/2024\/03\/WhatsApp-Kuva-2024-02-04-klo-16.14.48_a2ce94e5.jpg","datePublished":"2024-06-04T12:28:19+00:00","dateModified":"2025-11-14T13:31:29+00:00","description":"Andr\u00e9 Heikius specialomr\u00e5den \u00e4r behandling av \u00f6vervikt och fetma, s\u00e4ker viktminskning samt varaktig viktkontroll. Boka tid!","breadcrumb":{"@id":"https:\/\/painoklinikka.fi\/sv\/andre-heikius#breadcrumb"},"inLanguage":"sv-SE","potentialAction":[{"@type":"ReadAction","target":["https:\/\/painoklinikka.fi\/sv\/andre-heikius"]}]},{"@type":"ImageObject","inLanguage":"sv-SE","@id":"https:\/\/painoklinikka.fi\/sv\/andre-heikius#primaryimage","url":"https:\/\/painoklinikka.fi\/wp-content\/uploads\/2024\/03\/WhatsApp-Kuva-2024-02-04-klo-16.14.48_a2ce94e5.jpg","contentUrl":"https:\/\/painoklinikka.fi\/wp-content\/uploads\/2024\/03\/WhatsApp-Kuva-2024-02-04-klo-16.14.48_a2ce94e5.jpg","width":1066,"height":1600,"caption":"Andr\u00e9 Heikius"},{"@type":"BreadcrumbList","@id":"https:\/\/painoklinikka.fi\/sv\/andre-heikius#breadcrumb","itemListElement":[{"@type":"ListItem","position":1,"name":"Etusivu","item":"https:\/\/painoklinikka.fi\/sv"},{"@type":"ListItem","position":2,"name":"Andr\u00e9 Heikius"}]},{"@type":"WebSite","@id":"https:\/\/painoklinikka.fi\/sv#website","url":"https:\/\/painoklinikka.fi\/sv","name":"painoklinikka.fi","description":"Painonhallintaan keskittynyt l&auml;&auml;k&auml;rikeskus, joka tarjoaa terveydenhuollon ammattilaisten et&auml;vastaanottoja.","potentialAction":[{"@type":"SearchAction","target":{"@type":"EntryPoint","urlTemplate":"https:\/\/painoklinikka.fi\/sv?s={search_term_string}"},"query-input":{"@type":"PropertyValueSpecification","valueRequired":true,"valueName":"search_term_string"}}],"inLanguage":"sv-SE"}]}},"_links":{"self":[{"href":"https:\/\/painoklinikka.fi\/sv\/wp-json\/wp\/v2\/pages\/3314","targetHints":{"allow":["GET"]}}],"collection":[{"href":"https:\/\/painoklinikka.fi\/sv\/wp-json\/wp\/v2\/pages"}],"about":[{"href":"https:\/\/painoklinikka.fi\/sv\/wp-json\/wp\/v2\/types\/page"}],"author":[{"embeddable":true,"href":"https:\/\/painoklinikka.fi\/sv\/wp-json\/wp\/v2\/users\/4"}],"replies":[{"embeddable":true,"href":"https:\/\/painoklinikka.fi\/sv\/wp-json\/wp\/v2\/comments?post=3314"}],"version-history":[{"count":7,"href":"https:\/\/painoklinikka.fi\/sv\/wp-json\/wp\/v2\/pages\/3314\/revisions"}],"predecessor-version":[{"id":3903,"href":"https:\/\/painoklinikka.fi\/sv\/wp-json\/wp\/v2\/pages\/3314\/revisions\/3903"}],"wp:featuredmedia":[{"embeddable":true,"href":"https:\/\/painoklinikka.fi\/sv\/wp-json\/wp\/v2\/media\/3315"}],"wp:attachment":[{"href":"https:\/\/painoklinikka.fi\/sv\/wp-json\/wp\/v2\/media?parent=3314"}],"curies":[{"name":"wp","href":"https:\/\/api.w.org\/{rel}","templated":true}]}}