{"id":3344,"date":"2024-06-04T18:19:16","date_gmt":"2024-06-04T15:19:16","guid":{"rendered":"https:\/\/painoklinikka.fi\/janika-maunula"},"modified":"2025-11-14T15:31:25","modified_gmt":"2025-11-14T13:31:25","slug":"janika-maunula","status":"publish","type":"page","link":"https:\/\/painoklinikka.fi\/sv\/janika-maunula","title":{"rendered":"Janika Maunula"},"content":{"rendered":"[vc_row type=&#8221;in_container&#8221; full_screen_row_position=&#8221;middle&#8221; column_margin=&#8221;50px&#8221; column_direction=&#8221;default&#8221; column_direction_tablet=&#8221;default&#8221; column_direction_phone=&#8221;default&#8221; scene_position=&#8221;center&#8221; top_padding=&#8221;5%&#8221; bottom_padding=&#8221;5%&#8221; text_color=&#8221;dark&#8221; text_align=&#8221;left&#8221; row_border_radius=&#8221;none&#8221; row_border_radius_applies=&#8221;bg&#8221; overflow=&#8221;visible&#8221; overlay_strength=&#8221;0.3&#8243; gradient_direction=&#8221;left_to_right&#8221; shape_divider_position=&#8221;bottom&#8221; bg_image_animation=&#8221;none&#8221; gradient_type=&#8221;default&#8221; shape_type=&#8221;&#8221;][vc_column column_padding=&#8221;no-extra-padding&#8221; column_padding_tablet=&#8221;inherit&#8221; column_padding_phone=&#8221;inherit&#8221; column_padding_position=&#8221;all&#8221; column_element_direction_desktop=&#8221;default&#8221; column_element_spacing=&#8221;default&#8221; desktop_text_alignment=&#8221;default&#8221; tablet_text_alignment=&#8221;default&#8221; phone_text_alignment=&#8221;default&#8221; background_color_opacity=&#8221;1&#8243; background_hover_color_opacity=&#8221;1&#8243; column_backdrop_filter=&#8221;none&#8221; column_shadow=&#8221;none&#8221; column_border_radius=&#8221;none&#8221; column_link_target=&#8221;_self&#8221; column_position=&#8221;default&#8221; gradient_direction=&#8221;left_to_right&#8221; overlay_strength=&#8221;0.3&#8243; width=&#8221;2\/3&#8243; tablet_width_inherit=&#8221;default&#8221; animation_type=&#8221;default&#8221; bg_image_animation=&#8221;none&#8221; border_type=&#8221;simple&#8221; column_border_width=&#8221;none&#8221; column_border_style=&#8221;solid&#8221;][nectar_responsive_text inherited_font_style=&#8221;default&#8221; text_direction=&#8221;default&#8221;]\n<h2>Janika Maunula<\/h2>\n[\/nectar_responsive_text][vc_column_text css=&#8221;&#8221; text_direction=&#8221;default&#8221;]<b>Janika Maunula <\/b>\u00e4r sjuksk\u00f6terska och coach, vars hj\u00e4rta ligger n\u00e4ra att l\u00f6sa olika h\u00e4lsoutmaningar och s\u00e4rskilt den inledande fasen av vikthanteringsr\u00e5dgivning.<\/p>\n<p>Psykisk coaching, att hitta gl\u00e4djen i motion och en l\u00e4mplig kost f\u00f6r vardagen \u00e4r hennes starkaste kompetensomr\u00e5den. Med Janikas st\u00f6d fungerar v\u00e4gledning och uppf\u00f6ljning av vikthanteringsl\u00e4kemedel smidigt, samt positivt st\u00f6d i alla vikthanteringsutmaningar.<\/p>\n<p>Janika har arbetat i \u00f6ver 15 \u00e5r inom akutv\u00e5rden i prim\u00e4rv\u00e5rden, d\u00e4r hon ocks\u00e5 blev bekant med kommunf\u00f6rbundets livsstilsr\u00e5dgivning och grupper.<\/p>\n<p>Janika \u00e4r \u00f6vertygad om att det finns ett eget s\u00e4tt f\u00f6r var och en att ta hand om sin h\u00e4lsa och m\u00e5 bra p\u00e5 ett helhetsm\u00e4ssigt s\u00e4tt.<\/p>\n<p>Multiprofessionellt samarbete \u00e4r viktigt f\u00f6r att kunden ska f\u00e5 den hj\u00e4lp hen beh\u00f6ver under precis den tid som kr\u00e4vs f\u00f6r att \u00e5stadkomma en best\u00e5ende f\u00f6r\u00e4ndring.<\/p>\n<p>I Janikas coachning kan man ocks\u00e5 anv\u00e4nda Firstbeat-m\u00e4tningar som hj\u00e4lpmedel, vilket ger exakt information om kroppens stress, belastning och \u00e5terh\u00e4mtning.[\/vc_column_text][nectar_btn size=&#8221;large&#8221; button_style=&#8221;regular&#8221; button_color_2=&#8221;Accent-Color&#8221; icon_family=&#8221;default_arrow&#8221; text=&#8221;Boka tid&#8221; margin_top=&#8221;15&#8243; url=&#8221;https:\/\/painoklinikka.fi\/sv\/tidsbokning&#8221;][\/vc_column][vc_column column_padding=&#8221;no-extra-padding&#8221; column_padding_tablet=&#8221;inherit&#8221; column_padding_phone=&#8221;inherit&#8221; column_padding_position=&#8221;all&#8221; column_element_direction_desktop=&#8221;default&#8221; column_element_spacing=&#8221;default&#8221; desktop_text_alignment=&#8221;default&#8221; tablet_text_alignment=&#8221;default&#8221; phone_text_alignment=&#8221;default&#8221; background_color_opacity=&#8221;1&#8243; background_hover_color_opacity=&#8221;1&#8243; column_backdrop_filter=&#8221;none&#8221; column_shadow=&#8221;none&#8221; column_border_radius=&#8221;none&#8221; column_link_target=&#8221;_self&#8221; column_position=&#8221;default&#8221; gradient_direction=&#8221;left_to_right&#8221; overlay_strength=&#8221;0.3&#8243; width=&#8221;1\/3&#8243; tablet_width_inherit=&#8221;default&#8221; animation_type=&#8221;default&#8221; bg_image_animation=&#8221;none&#8221; border_type=&#8221;simple&#8221; column_border_width=&#8221;none&#8221; column_border_style=&#8221;solid&#8221;][image_with_animation image_url=&#8221;1509&#8243; image_size=&#8221;full&#8221; max_width=&#8221;100%&#8221; max_width_mobile=&#8221;default&#8221; animation_type=&#8221;entrance&#8221; animation=&#8221;None&#8221; animation_movement_type=&#8221;transform_y&#8221; hover_animation=&#8221;none&#8221; alignment=&#8221;&#8221; border_radius=&#8221;15px&#8221; box_shadow=&#8221;none&#8221; image_loading=&#8221;default&#8221;][\/vc_column][\/vc_row]\n","protected":false},"excerpt":{"rendered":"<p>[vc_row type=&#8221;in_container&#8221; full_screen_row_position=&#8221;middle&#8221; column_margin=&#8221;50px&#8221; column_direction=&#8221;default&#8221; column_direction_tablet=&#8221;default&#8221; column_direction_phone=&#8221;default&#8221; scene_position=&#8221;center&#8221; top_padding=&#8221;5%&#8221; bottom_padding=&#8221;5%&#8221; text_color=&#8221;dark&#8221; text_align=&#8221;left&#8221; row_border_radius=&#8221;none&#8221; row_border_radius_applies=&#8221;bg&#8221; overflow=&#8221;visible&#8221; overlay_strength=&#8221;0.3&#8243; gradient_direction=&#8221;left_to_right&#8221; shape_divider_position=&#8221;bottom&#8221; bg_image_animation=&#8221;none&#8221; gradient_type=&#8221;default&#8221; shape_type=&#8221;&#8221;][vc_column column_padding=&#8221;no-extra-padding&#8221; column_padding_tablet=&#8221;inherit&#8221; column_padding_phone=&#8221;inherit&#8221; column_padding_position=&#8221;all&#8221; column_element_direction_desktop=&#8221;default&#8221; column_element_spacing=&#8221;default&#8221; desktop_text_alignment=&#8221;default&#8221; tablet_text_alignment=&#8221;default&#8221; phone_text_alignment=&#8221;default&#8221;&#8230;<\/p>\n","protected":false},"author":4,"featured_media":3345,"parent":0,"menu_order":0,"comment_status":"closed","ping_status":"closed","template":"","meta":{"footnotes":""},"class_list":["post-3344","page","type-page","status-publish","has-post-thumbnail"],"yoast_head":"<!-- This site is optimized with the Yoast SEO plugin v27.4 - https:\/\/yoast.com\/product\/yoast-seo-wordpress\/ -->\n<title>Janika Maunula - painoklinikka.fi<\/title>\n<meta name=\"description\" content=\"Janika Maunula \u00e4r sjuksk\u00f6terska och coach. Boka tid!\" \/>\n<meta name=\"robots\" content=\"index, follow, max-snippet:-1, max-image-preview:large, max-video-preview:-1\" \/>\n<link rel=\"canonical\" href=\"https:\/\/painoklinikka.fi\/sv\/janika-maunula\" \/>\n<meta property=\"og:locale\" content=\"sv_SE\" \/>\n<meta property=\"og:type\" content=\"article\" \/>\n<meta property=\"og:title\" content=\"Janika Maunula - painoklinikka.fi\" \/>\n<meta property=\"og:description\" content=\"Janika Maunula \u00e4r sjuksk\u00f6terska och coach. Boka tid!\" \/>\n<meta property=\"og:url\" content=\"https:\/\/painoklinikka.fi\/sv\/janika-maunula\" \/>\n<meta property=\"og:site_name\" content=\"painoklinikka.fi\" \/>\n<meta property=\"article:modified_time\" content=\"2025-11-14T13:31:25+00:00\" \/>\n<meta property=\"og:image\" content=\"https:\/\/painoklinikka.fi\/wp-content\/uploads\/2023\/12\/omanelamanstara2022somekokoiset.2-8-2.jpg\" \/>\n\t<meta property=\"og:image:width\" content=\"1080\" \/>\n\t<meta property=\"og:image:height\" content=\"1350\" \/>\n\t<meta property=\"og:image:type\" content=\"image\/jpeg\" \/>\n<meta name=\"twitter:card\" content=\"summary_large_image\" \/>\n<meta name=\"twitter:label1\" content=\"Ber\u00e4knad l\u00e4stid\" \/>\n\t<meta name=\"twitter:data1\" content=\"3 minuter\" \/>\n<script type=\"application\/ld+json\" class=\"yoast-schema-graph\">{\"@context\":\"https:\\\/\\\/schema.org\",\"@graph\":[{\"@type\":\"WebPage\",\"@id\":\"https:\\\/\\\/painoklinikka.fi\\\/sv\\\/janika-maunula\",\"url\":\"https:\\\/\\\/painoklinikka.fi\\\/sv\\\/janika-maunula\",\"name\":\"Janika Maunula - painoklinikka.fi\",\"isPartOf\":{\"@id\":\"https:\\\/\\\/painoklinikka.fi\\\/sv#website\"},\"primaryImageOfPage\":{\"@id\":\"https:\\\/\\\/painoklinikka.fi\\\/sv\\\/janika-maunula#primaryimage\"},\"image\":{\"@id\":\"https:\\\/\\\/painoklinikka.fi\\\/sv\\\/janika-maunula#primaryimage\"},\"thumbnailUrl\":\"https:\\\/\\\/painoklinikka.fi\\\/wp-content\\\/uploads\\\/2023\\\/12\\\/omanelamanstara2022somekokoiset.2-8-2.jpg\",\"datePublished\":\"2024-06-04T15:19:16+00:00\",\"dateModified\":\"2025-11-14T13:31:25+00:00\",\"description\":\"Janika Maunula \u00e4r sjuksk\u00f6terska och coach. Boka tid!\",\"breadcrumb\":{\"@id\":\"https:\\\/\\\/painoklinikka.fi\\\/sv\\\/janika-maunula#breadcrumb\"},\"inLanguage\":\"sv-SE\",\"potentialAction\":[{\"@type\":\"ReadAction\",\"target\":[\"https:\\\/\\\/painoklinikka.fi\\\/sv\\\/janika-maunula\"]}]},{\"@type\":\"ImageObject\",\"inLanguage\":\"sv-SE\",\"@id\":\"https:\\\/\\\/painoklinikka.fi\\\/sv\\\/janika-maunula#primaryimage\",\"url\":\"https:\\\/\\\/painoklinikka.fi\\\/wp-content\\\/uploads\\\/2023\\\/12\\\/omanelamanstara2022somekokoiset.2-8-2.jpg\",\"contentUrl\":\"https:\\\/\\\/painoklinikka.fi\\\/wp-content\\\/uploads\\\/2023\\\/12\\\/omanelamanstara2022somekokoiset.2-8-2.jpg\",\"width\":1080,\"height\":1350,\"caption\":\"Janika Maunula\"},{\"@type\":\"BreadcrumbList\",\"@id\":\"https:\\\/\\\/painoklinikka.fi\\\/sv\\\/janika-maunula#breadcrumb\",\"itemListElement\":[{\"@type\":\"ListItem\",\"position\":1,\"name\":\"Etusivu\",\"item\":\"https:\\\/\\\/painoklinikka.fi\\\/sv\"},{\"@type\":\"ListItem\",\"position\":2,\"name\":\"Janika Maunula\"}]},{\"@type\":\"WebSite\",\"@id\":\"https:\\\/\\\/painoklinikka.fi\\\/sv#website\",\"url\":\"https:\\\/\\\/painoklinikka.fi\\\/sv\",\"name\":\"painoklinikka.fi\",\"description\":\"Painonhallintaan keskittynyt l&auml;&auml;k&auml;rikeskus, joka tarjoaa terveydenhuollon ammattilaisten et&auml;vastaanottoja.\",\"potentialAction\":[{\"@type\":\"SearchAction\",\"target\":{\"@type\":\"EntryPoint\",\"urlTemplate\":\"https:\\\/\\\/painoklinikka.fi\\\/sv?s={search_term_string}\"},\"query-input\":{\"@type\":\"PropertyValueSpecification\",\"valueRequired\":true,\"valueName\":\"search_term_string\"}}],\"inLanguage\":\"sv-SE\"}]}<\/script>\n<!-- \/ Yoast SEO plugin. -->","yoast_head_json":{"title":"Janika Maunula - painoklinikka.fi","description":"Janika Maunula \u00e4r sjuksk\u00f6terska och coach. Boka tid!","robots":{"index":"index","follow":"follow","max-snippet":"max-snippet:-1","max-image-preview":"max-image-preview:large","max-video-preview":"max-video-preview:-1"},"canonical":"https:\/\/painoklinikka.fi\/sv\/janika-maunula","og_locale":"sv_SE","og_type":"article","og_title":"Janika Maunula - painoklinikka.fi","og_description":"Janika Maunula \u00e4r sjuksk\u00f6terska och coach. Boka tid!","og_url":"https:\/\/painoklinikka.fi\/sv\/janika-maunula","og_site_name":"painoklinikka.fi","article_modified_time":"2025-11-14T13:31:25+00:00","og_image":[{"width":1080,"height":1350,"url":"https:\/\/painoklinikka.fi\/wp-content\/uploads\/2023\/12\/omanelamanstara2022somekokoiset.2-8-2.jpg","type":"image\/jpeg"}],"twitter_card":"summary_large_image","twitter_misc":{"Ber\u00e4knad l\u00e4stid":"3 minuter"},"schema":{"@context":"https:\/\/schema.org","@graph":[{"@type":"WebPage","@id":"https:\/\/painoklinikka.fi\/sv\/janika-maunula","url":"https:\/\/painoklinikka.fi\/sv\/janika-maunula","name":"Janika Maunula - painoklinikka.fi","isPartOf":{"@id":"https:\/\/painoklinikka.fi\/sv#website"},"primaryImageOfPage":{"@id":"https:\/\/painoklinikka.fi\/sv\/janika-maunula#primaryimage"},"image":{"@id":"https:\/\/painoklinikka.fi\/sv\/janika-maunula#primaryimage"},"thumbnailUrl":"https:\/\/painoklinikka.fi\/wp-content\/uploads\/2023\/12\/omanelamanstara2022somekokoiset.2-8-2.jpg","datePublished":"2024-06-04T15:19:16+00:00","dateModified":"2025-11-14T13:31:25+00:00","description":"Janika Maunula \u00e4r sjuksk\u00f6terska och coach. Boka tid!","breadcrumb":{"@id":"https:\/\/painoklinikka.fi\/sv\/janika-maunula#breadcrumb"},"inLanguage":"sv-SE","potentialAction":[{"@type":"ReadAction","target":["https:\/\/painoklinikka.fi\/sv\/janika-maunula"]}]},{"@type":"ImageObject","inLanguage":"sv-SE","@id":"https:\/\/painoklinikka.fi\/sv\/janika-maunula#primaryimage","url":"https:\/\/painoklinikka.fi\/wp-content\/uploads\/2023\/12\/omanelamanstara2022somekokoiset.2-8-2.jpg","contentUrl":"https:\/\/painoklinikka.fi\/wp-content\/uploads\/2023\/12\/omanelamanstara2022somekokoiset.2-8-2.jpg","width":1080,"height":1350,"caption":"Janika Maunula"},{"@type":"BreadcrumbList","@id":"https:\/\/painoklinikka.fi\/sv\/janika-maunula#breadcrumb","itemListElement":[{"@type":"ListItem","position":1,"name":"Etusivu","item":"https:\/\/painoklinikka.fi\/sv"},{"@type":"ListItem","position":2,"name":"Janika Maunula"}]},{"@type":"WebSite","@id":"https:\/\/painoklinikka.fi\/sv#website","url":"https:\/\/painoklinikka.fi\/sv","name":"painoklinikka.fi","description":"Painonhallintaan keskittynyt l&auml;&auml;k&auml;rikeskus, joka tarjoaa terveydenhuollon ammattilaisten et&auml;vastaanottoja.","potentialAction":[{"@type":"SearchAction","target":{"@type":"EntryPoint","urlTemplate":"https:\/\/painoklinikka.fi\/sv?s={search_term_string}"},"query-input":{"@type":"PropertyValueSpecification","valueRequired":true,"valueName":"search_term_string"}}],"inLanguage":"sv-SE"}]}},"_links":{"self":[{"href":"https:\/\/painoklinikka.fi\/sv\/wp-json\/wp\/v2\/pages\/3344","targetHints":{"allow":["GET"]}}],"collection":[{"href":"https:\/\/painoklinikka.fi\/sv\/wp-json\/wp\/v2\/pages"}],"about":[{"href":"https:\/\/painoklinikka.fi\/sv\/wp-json\/wp\/v2\/types\/page"}],"author":[{"embeddable":true,"href":"https:\/\/painoklinikka.fi\/sv\/wp-json\/wp\/v2\/users\/4"}],"replies":[{"embeddable":true,"href":"https:\/\/painoklinikka.fi\/sv\/wp-json\/wp\/v2\/comments?post=3344"}],"version-history":[{"count":3,"href":"https:\/\/painoklinikka.fi\/sv\/wp-json\/wp\/v2\/pages\/3344\/revisions"}],"predecessor-version":[{"id":3881,"href":"https:\/\/painoklinikka.fi\/sv\/wp-json\/wp\/v2\/pages\/3344\/revisions\/3881"}],"wp:featuredmedia":[{"embeddable":true,"href":"https:\/\/painoklinikka.fi\/sv\/wp-json\/wp\/v2\/media\/3345"}],"wp:attachment":[{"href":"https:\/\/painoklinikka.fi\/sv\/wp-json\/wp\/v2\/media?parent=3344"}],"curies":[{"name":"wp","href":"https:\/\/api.w.org\/{rel}","templated":true}]}}